{"id":468,"date":"2015-03-08T20:39:12","date_gmt":"2015-03-08T18:39:12","guid":{"rendered":"http:\/\/sipan-film.com\/?page_id=468"},"modified":"2015-03-08T20:57:28","modified_gmt":"2015-03-08T18:57:28","slug":"kont","status":"publish","type":"page","link":"https:\/\/sipan-film.com\/?page_id=468","title":{"rendered":"Kontakt"},"content":{"rendered":"<p><strong>\u0160kola filma \u0160ipan<\/strong><\/p>\n<p>Luka bb<\/p>\n<p>20 223 \u0160ipanska Luka<\/p>\n<p>tel: 099 216 76 53<\/p>\n<p>mail: info@sipan-film.com<\/p>\n","protected":false},"excerpt":{"rendered":"<p>\u0160kola filma \u0160ipan Luka bb 20 223 \u0160ipanska Luka tel: 099 216 76 53 mail: info@sipan-film.com<\/p>\n","protected":false},"author":3,"featured_media":0,"parent":0,"menu_order":0,"comment_status":"closed","ping_status":"open","template":"","meta":{"ngg_post_thumbnail":0},"_links":{"self":[{"href":"https:\/\/sipan-film.com\/index.php?rest_route=\/wp\/v2\/pages\/468"}],"collection":[{"href":"https:\/\/sipan-film.com\/index.php?rest_route=\/wp\/v2\/pages"}],"about":[{"href":"https:\/\/sipan-film.com\/index.php?rest_route=\/wp\/v2\/types\/page"}],"author":[{"embeddable":true,"href":"https:\/\/sipan-film.com\/index.php?rest_route=\/wp\/v2\/users\/3"}],"replies":[{"embeddable":true,"href":"https:\/\/sipan-film.com\/index.php?rest_route=%2Fwp%2Fv2%2Fcomments&post=468"}],"version-history":[{"count":3,"href":"https:\/\/sipan-film.com\/index.php?rest_route=\/wp\/v2\/pages\/468\/revisions"}],"predecessor-version":[{"id":480,"href":"https:\/\/sipan-film.com\/index.php?rest_route=\/wp\/v2\/pages\/468\/revisions\/480"}],"wp:attachment":[{"href":"https:\/\/sipan-film.com\/index.php?rest_route=%2Fwp%2Fv2%2Fmedia&parent=468"}],"curies":[{"name":"wp","href":"https:\/\/api.w.org\/{rel}","templated":true}]}}