{"id":1955,"date":"2025-08-18T13:33:44","date_gmt":"2025-08-18T12:33:44","guid":{"rendered":"https:\/\/sipan-film.com\/?page_id=1955"},"modified":"2025-08-18T13:34:24","modified_gmt":"2025-08-18T12:34:24","slug":"produkcija-22-ljsfs-2025","status":"publish","type":"page","link":"https:\/\/sipan-film.com\/","title":{"rendered":"PRODUKCIJA 22. Lj\u0161f\u0160 2025"},"content":{"rendered":"\n<p><strong>Predstavljamo Vam uratke radionica 22. Ljetne \u0161kole filma \u0160ipan<\/strong><\/p>\n\n\n\n<hr class=\"wp-block-separator has-alpha-channel-opacity\"\/>\n\n\n\n<h2 class=\"wp-block-heading\">Radionica animiranog filma <\/h2>\n\n\n\n<figure class=\"wp-block-embed is-type-video is-provider-youtube wp-block-embed-youtube wp-embed-aspect-16-9 wp-has-aspect-ratio\"><div class=\"wp-block-embed__wrapper\">\n<iframe loading=\"lazy\" title=\"&quot;\u017dIVOT NA \u0160IPANU&quot;, animirani film\" width=\"640\" height=\"360\" src=\"https:\/\/www.youtube.com\/embed\/uPWklZgPYfs?feature=oembed\" frameborder=\"0\" allow=\"accelerometer; autoplay; clipboard-write; encrypted-media; gyroscope; picture-in-picture; web-share\" referrerpolicy=\"strict-origin-when-cross-origin\" allowfullscreen><\/iframe>\n<\/div><figcaption class=\"wp-element-caption\"><strong>&#8220;\u017dIVOT NA \u0160IPANU&#8221;<\/strong> &#8211; film radionice animiranog filma &#8211; 22. Ljetna \u0161kola filma \u0160ipan 2025.<br>Polaznici 1. Mia Burum 2. Noa Vetma 3. Ella Canel 4. Noemi \u0160varc Sokolovi\u0107 5. Ecija Brajovi\u0107 6. Milan Ljubi\u0161i\u0107 7. Veronika Bibica 8. Luka Muhoberac 9. Aria Rokovi\u0107 10. Viktor Paradovski 11. Ainhoa Canel <br>Voditeljica: Ivana \u0160eri\u0107 \/ Producenti: Miro Bronzi\u0107 i Nils Neubert<\/figcaption><\/figure>\n\n\n\n<hr class=\"wp-block-separator has-alpha-channel-opacity\"\/>\n\n\n\n<h2 class=\"wp-block-heading\">Radionica (za)igranog filma<\/h2>\n\n\n\n<figure class=\"wp-block-embed is-type-video is-provider-youtube wp-block-embed-youtube wp-embed-aspect-16-9 wp-has-aspect-ratio\"><div class=\"wp-block-embed__wrapper\">\n<iframe loading=\"lazy\" title=\"&quot;NOVA JA&quot;\" width=\"640\" height=\"360\" src=\"https:\/\/www.youtube.com\/embed\/hgibY93z1U0?feature=oembed\" frameborder=\"0\" allow=\"accelerometer; autoplay; clipboard-write; encrypted-media; gyroscope; picture-in-picture; web-share\" referrerpolicy=\"strict-origin-when-cross-origin\" allowfullscreen><\/iframe>\n<\/div><figcaption class=\"wp-element-caption\"><strong>&#8220;NOVA JA&#8221;<\/strong> &#8211; film radionice (za)igranog filma &#8211; 22. Ljetna \u0161kola filma \u0160ipan 2025. <br>Polaznici: 1. Niko Dub\u010di\u0107 2. Ivana Mlado\u0161i\u0107 3. Nika Dobud 4. Lorena Radi\u0107 5. Natalija Ljubi\u0161i\u0107 6. Sara Brajovi\u0107 7. Vesna Vlahovi\u0107 8. Jakov Brajovi\u0107 9. Dora Ba\u0161i\u0107 10. Davor Cvjetkovi\u0107 11. Jak\u0161a Maru\u0161i\u0107 12. Mia Franju\u0161i\u0107 Huskovi\u0107 13. Katija Vlahovi\u0107 14. Luka Lovri\u0107 15. Robert Muniti\u0107 <br>Voditeljice: Mirna Ostro\u0161i\u0107 Galinovi\u0107 i Mia Maros \u017divkovi\u0107 \/ Producenti: Miro Bronzi\u0107 i Nils Neubert<\/figcaption><\/figure>\n\n\n\n<hr class=\"wp-block-separator has-alpha-channel-opacity\"\/>\n\n\n\n<h2 class=\"wp-block-heading\">Radionica igranog filma <\/h2>\n\n\n\n<figure class=\"wp-block-embed is-type-video is-provider-youtube wp-block-embed-youtube wp-embed-aspect-16-9 wp-has-aspect-ratio\"><div class=\"wp-block-embed__wrapper\">\n<iframe loading=\"lazy\" title=\"&quot;NAJGORI FILM NA SVIJETU&quot;\" width=\"640\" height=\"360\" src=\"https:\/\/www.youtube.com\/embed\/tE1jnODmd88?feature=oembed\" frameborder=\"0\" allow=\"accelerometer; autoplay; clipboard-write; encrypted-media; gyroscope; picture-in-picture; web-share\" referrerpolicy=\"strict-origin-when-cross-origin\" allowfullscreen><\/iframe>\n<\/div><figcaption class=\"wp-element-caption\"><strong>&#8220;NAJGORI FILM NA SVIJETU&#8221;<\/strong> &#8211; film radionice igranog filma &#8211; 22. Ljetna \u0161kola filma \u0160ipan 2025. <br>Polaznici: 1. Antun Cvjetkovi\u0107 2. Ea Vetma 3. Sara Berdovi\u0107 4. Panthea Atabeyki 5. Lovro Simunovi\u0107 6. Mara Cvjetkovi\u0107 7. Marinela Ur\u0111evi\u0107 8. Toma Maru\u0161i\u0107 9. Oskar Neubert 10. Sara Kamber 11. Ben Kamber 12. Filip Jur\u010devi\u0107 13. Anton Kroner 14. Aleksandra Sa\u0161a Skorupan 15. Nina Laptalo <br>Voditel: Damir Ba\u0161i\u0107 \/ Producenti: Miro Bronzi\u0107 i Nils Neubert<\/figcaption><\/figure>\n\n\n\n<hr class=\"wp-block-separator has-alpha-channel-opacity\"\/>\n\n\n\n<h2 class=\"wp-block-heading\">Radionica igranog filma <\/h2>\n\n\n\n<figure class=\"wp-block-embed is-type-video is-provider-youtube wp-block-embed-youtube wp-embed-aspect-16-9 wp-has-aspect-ratio\"><div class=\"wp-block-embed__wrapper\">\n<iframe loading=\"lazy\" title=\"&quot;\u0160IPANSKA BE\u0160TIJA&quot;\" width=\"640\" height=\"360\" src=\"https:\/\/www.youtube.com\/embed\/I5Si2hfOJH4?feature=oembed\" frameborder=\"0\" allow=\"accelerometer; autoplay; clipboard-write; encrypted-media; gyroscope; picture-in-picture; web-share\" referrerpolicy=\"strict-origin-when-cross-origin\" allowfullscreen><\/iframe>\n<\/div><figcaption class=\"wp-element-caption\"><strong>&#8220;\u0160IPANSKA BE\u0160TIJA&#8221; <\/strong>&#8211; film radionice igranog filma &#8211; 22. Ljetna \u0161kola filma \u0160ipan 2025. <br>Polaznici: 1. Mara \u0110urovi\u0107 2. Miko Mati\u0107 3. Ivana Skra\u010di\u0107 4. Lala Spremo 5. Luca Compagnoni 6. Elena Compagnoni 7. Nika Begonja 8. Mihael Bogdan 9. Luka Markovi\u0107 10. Adriana Cvitanovi\u0107 11. Nikol Kristi\u0107 12. Dania Babaji\u0107 13. Fran \u0160ulek 14. Nika Jarnevi\u0107 <br>Voditelji: Nika Matu\u0161i\u0107 i Jan Ko\u017ei\u0107 \/ Producenti: Miro Bronzi\u0107 i Nils Neubert<\/figcaption><\/figure>\n","protected":false},"excerpt":{"rendered":"<p>Predstavljamo Vam uratke radionica 22. Ljetne \u0161kole filma \u0160ipan Radionica animiranog filma Radionica (za)igranog filma Radionica igranog filma Radionica igranog filma<\/p>\n","protected":false},"author":3,"featured_media":0,"parent":0,"menu_order":0,"comment_status":"closed","ping_status":"closed","template":"","meta":{"ngg_post_thumbnail":0},"_links":{"self":[{"href":"https:\/\/sipan-film.com\/index.php?rest_route=\/wp\/v2\/pages\/1955"}],"collection":[{"href":"https:\/\/sipan-film.com\/index.php?rest_route=\/wp\/v2\/pages"}],"about":[{"href":"https:\/\/sipan-film.com\/index.php?rest_route=\/wp\/v2\/types\/page"}],"author":[{"embeddable":true,"href":"https:\/\/sipan-film.com\/index.php?rest_route=\/wp\/v2\/users\/3"}],"replies":[{"embeddable":true,"href":"https:\/\/sipan-film.com\/index.php?rest_route=%2Fwp%2Fv2%2Fcomments&post=1955"}],"version-history":[{"count":6,"href":"https:\/\/sipan-film.com\/index.php?rest_route=\/wp\/v2\/pages\/1955\/revisions"}],"predecessor-version":[{"id":1961,"href":"https:\/\/sipan-film.com\/index.php?rest_route=\/wp\/v2\/pages\/1955\/revisions\/1961"}],"wp:attachment":[{"href":"https:\/\/sipan-film.com\/index.php?rest_route=%2Fwp%2Fv2%2Fmedia&parent=1955"}],"curies":[{"name":"wp","href":"https:\/\/api.w.org\/{rel}","templated":true}]}}