{"id":1879,"date":"2025-05-26T07:51:12","date_gmt":"2025-05-26T06:51:12","guid":{"rendered":"https:\/\/sipan-film.com\/?page_id=1879"},"modified":"2025-07-20T16:06:46","modified_gmt":"2025-07-20T15:06:46","slug":"kino-program-25","status":"publish","type":"page","link":"https:\/\/sipan-film.com\/?page_id=1879","title":{"rendered":"KINO PROGRAM 25"},"content":{"rendered":"\n<p class=\"has-text-align-center\"><em>\u2013 Please scroll down for the English \u2013<\/em><\/p>\n\n\n\n<p class=\"has-text-align-left\"><span style=\"color: #0000ff;\"><strong>3. 8. NEDJELJA <\/strong><\/span>&#8211; <strong>Lj\u0161f\u0160 koncert i festa Sv. Stjepana<\/strong><br><strong>22:00 <em>\u017deljko Bebek i Branko Medak<\/em><\/strong><br>U suradnji s Domom mlade\u017ei, TZ Grada Dubrovnika i TZ \u017dupanije Dubrova\u010dko neretvanske<\/p>\n\n\n\n<p><span style=\"color: #0000ff;\"><strong>5. 8. UTORAK<\/strong> <\/span><strong>&#8211; Sve\u010dano otvaranje<\/strong><br>21:00 Predstavljanje Lj\u0161f\u0160-a 2025.<br>21:15<em><span style=\"color: #000000;\"> <strong>Mara \u2013 \u017divot za nove nara\u0161taje <\/strong><\/span>&#8211; <\/em>sve\u010dana premijera animiranog filma \u2013 \u0160kola filma \u0160ipan i Zoolo\u0161ki vrt Grada Zagreba <em>\u2013 projekt Life for Mauremys<\/em><br>21:45 <span style=\"color: #ff9900;\">&nbsp;<span style=\"color: #000000;\"><strong><em>Emir \u2013 posljednji dalmatinski te\u017eak<\/em><\/strong><\/span><\/span> \u2013 sve\u010dana premijera dokumentarnog filma, Nils Neubert &#8211; \u0160kola filma \u0160ipan, 2025.<\/p>\n\n\n\n<p><span style=\"color: #0000ff;\"><strong>6. 8. SRIJEDA<\/strong><\/span><br>21:00 <a href=\"https:\/\/youtu.be\/4JVJ5fEilDU?si=UN10N5ayURoKGkeT\"><em>Misterija lubenkradica<\/em><\/a> <em>\u2013<\/em> radionica igranog filma Lj\u0161f\u0160-a 2024.<br>21:10 <a href=\"https:\/\/youtu.be\/AEDFAjuX_G8?si=sq6uW87mguEBmYZc\"><strong><em>Dra\u017een<\/em><\/strong><\/a><em>,<\/em> igrani film, Danilo \u0160erbed\u017eija i Ljubo Zdjelarevi\u0107, 2024., HR, RS, SI<br><strong>U prisustvu koredatelja i producenta Ljuba Zdjelarevi\u0107a<\/strong><\/p>\n\n\n\n<p><span style=\"color: #0000ff;\"><strong>7. 8. \u010cETVRTAK<\/strong><\/span><br>21:00 <a href=\"https:\/\/youtu.be\/6stUOvPLvT8?si=iIaiODPxwGs0c96v\"><strong><em>Coco i velika tajna<\/em><\/strong><\/a><em>, <\/em>animirani film, SINK, Lee Unkrich i Adrian Molina, 2017., SAD*<br><em>&nbsp;<\/em><br><span style=\"color: #0000ff;\"><strong>9. 8. SUBOTA<\/strong><\/span><br>21:00&nbsp; <a href=\"https:\/\/youtu.be\/pa8bnl6IG6I?si=cPXL7BNo_g1uAZR3\"><em>Babice vo\u0107kice<\/em><\/a><em>,<\/em> <em>\u2013<\/em> radionica igranog filma Lj\u0161f\u0160-a 2024.<br>21:10 <a href=\"https:\/\/youtu.be\/DgHAuyIXDXk?si=6ER0n-PiSp0wQBJx\"><strong><em>Poplava<\/em><\/strong><\/a>, animirani film, Gints Zilbalodis, 2024., LAT, FRA, BEL*<\/p>\n\n\n\n<p><span style=\"color: #0000ff;\"><strong>10. 8. NEDJELJA<\/strong><\/span><br>21:00 <a href=\"https:\/\/youtu.be\/d6FEbztP02Q?si=qBycpKbTch_C1q8s\"><em>Obra\u010dni Entul<\/em><\/a> &#8211; radionica igranog filma Lj\u0161f\u0160-a 2024.<br>21:15 <a href=\"https:\/\/youtu.be\/nORYBXda2rI?si=Ay7FTXiSPJtv1YJ4\"><strong><em>Nakon ljeta<\/em><\/strong><\/a>, igrani film, Danis Tanovi\u0107, 2024., HR, BiH, RUM, SLO, RS<br><strong>U prisustvu scenaristice i glumice Anje Matkovi\u0107<\/strong><\/p>\n\n\n\n<p><span style=\"color: #0000ff;\"><strong>11. 8. PONEDJELJAK<\/strong><\/span><br>21:00 <a href=\"https:\/\/youtu.be\/IU0g3Iw4UDA?si=Hk02RFNXXWKUqrIs\"><em>\u0160to \u0161u\u0161ka?<\/em><\/a><em>,<\/em> <em>\u2013<\/em> radionica igranog filma Lj\u0161f\u0160-a 2024.<br>21:10 <a href=\"https:\/\/youtu.be\/q81FX7bFIyw?si=50TCt4ItkjzF0IJV\"><strong><em>Ne damo igrali\u0161te<\/em><\/strong><\/a>, igrani film, Klemen Dvornik, 2024., SLO, HR, RS, CZ<\/p>\n\n\n\n<p><span style=\"color: #0000ff;\"><strong>12. 8. UTORAK<\/strong><\/span><br>21:00 <a href=\"https:\/\/youtu.be\/ASFMfsD2Trw?si=JOHRhOv1JBz0t-lk\"><strong><em>\u0106iro<\/em><\/strong><\/a>, dramska predstava u re\u017eiji i izvedbi <strong>Tarika Filipovi\u0107a<\/strong><br>Autori Mario Gabeli\u0107 i Tarik Filipovi\u0107<\/p>\n\n\n\n<p><span style=\"color: #0000ff;\"><strong>13. 8. SRIJEDA<\/strong><\/span><br>21:00 <a href=\"https:\/\/youtu.be\/FG_hsivu538?si=56P70shwazzTUZtc\"><strong><em>Bumbarovo ljeto<\/em><\/strong><\/a>, igrani film, Daniel Ku\u0161an, 2025., HR<br><strong>U prisustvu glumca Frana Ma\u0161kovi\u0107a<\/strong><\/p>\n\n\n\n<p><span style=\"color: #0000ff;\"><strong>14. 8. \u010cETVRTAK<\/strong><\/span> &#8211; <strong>Sve\u010dano zatvaranje<\/strong><br>21:00 Premijere radova svih radionica Lj\u0161f\u0160-a 2025.<br>Dodjela nagrada i priznanja<br><strong><em>22:30<\/em><\/strong><strong> Koncert \u2013 <em>Daleka obala Jak\u0161e i Hrepe<\/em><\/strong> <strong><em>+ DJ Haris<\/em><\/strong><br>U suradnji s Domom mlade\u017ei, TZ Grada Dubrovnika i TZ \u017dupanije Dubrova\u010dko neretvanska<\/p>\n\n\n\n<p>* <em>u suradnji s <\/em><a href=\"https:\/\/kinematografi.org\/\"><em>Kinematografima Dubrovnik<\/em><\/a><\/p>\n\n\n\n<hr class=\"wp-block-separator has-alpha-channel-opacity\"\/>\n\n\n\n<p><\/p>\n\n\n\n<p><span style=\"color: #0000ff;\"><strong>3. 8. \u2013 SUNDAY <\/strong><\/span>&#8211; Lj\u0161f\u0160 concert and St. Stephen Fest<br><strong>22:00 \u017deljko Bebek and Branko Medak<\/strong> &#8211; In cooperation with Dom \u0160ipan, Dubrovnik Tourist Board and Dubrovnik and Neretva Country Tourist Board<\/p>\n\n\n\n<p class=\"has-text-align-left\"><strong><span style=\"color: #ff9900;\"><span style=\"color: #0000ff;\">5. 8. TUESDAY <\/span><span style=\"color: #000000;\">&#8211;<\/span><\/span><\/strong> <strong>Opening Ceremony<\/strong><br>21:00 Introduction of Lj\u0161f\u0160 2025.<br>21:15 <strong><em>Mara \u2013 A Life for Future Generations <\/em><\/strong>&#8211; Gala Premiere of the Animated Film by the \u0160ipan Film School and Zagreb Zoo <em>as part of the Life for Mauremys Project<\/em><br>21:45 <strong><em>Emir \u2013 The Last Dalmatian Peasant &#8211; <\/em><\/strong>Gala Premiere of the Documentary Film by Nils Neubert &#8211; \u0160ipan Film School, 2025.<\/p>\n\n\n\n<p><span style=\"color: #0000ff;\"><strong>6. 8. WEDNESDAY<\/strong><\/span><br>21:00 <a href=\"https:\/\/youtu.be\/4JVJ5fEilDU?si=FcrLIPaL6AaESjAZ\"><em>The Mystery of the Watermelon Thieves<\/em><\/a><em> \u2013<\/em> fiction film workshop of Lj\u0161f\u0160 2024.<br>21:10 <em>\u00a0<\/em><a href=\"https:\/\/youtu.be\/AEDFAjuX_G8?si=sq6uW87mguEBmYZc\"><strong><em>Dra\u017een<\/em><\/strong><\/a><em>,<\/em> feature film, Danilo \u0160erbed\u017eija and Ljubo Zdjelarevi\u0107, 2024., CR0, RS, SI<br><strong>Special appearance by co-director and producer Ljubo Zdjelarevi\u0107<\/strong><\/p>\n\n\n\n<p><span style=\"color: #0000ff;\"><strong>7. 8. THURSDAY<\/strong><\/span><br>21:00 <a href=\"https:\/\/youtu.be\/xlnPHQ3TLX8?si=OUwHQskUvBc68qdM\"><strong><em>Coco<\/em><\/strong><\/a><em>, <\/em>animated film, Lee Unkrich and Adrian Molina, 2017., USA*<\/p>\n\n\n\n<p><span style=\"color: #0000ff;\"><strong>9. 8. SATURDAY<\/strong><\/span><br>21:00 <a href=\"https:\/\/youtu.be\/pa8bnl6IG6I?si=9Oucdn1tvmdwEIqC\"><em>The Fruit Grannies<\/em><\/a> <em>\u2013 <\/em>fiction film workshop of Lj\u0161f\u0160 2024.<br>21:10 <strong><em>&nbsp;<\/em><\/strong><a href=\"https:\/\/youtu.be\/eD06LQzWFTc?si=2EXXuB9o1mNZBei3\"><strong><em>Flow<\/em><\/strong><\/a>, animated film, Gints Zilbalodis, 2024., LAT, FRA, BEL *<\/p>\n\n\n\n<p><span style=\"color: #0000ff;\"><strong>10. 8. SUNDAY<\/strong><\/span><br>21:00 <a href=\"https:\/\/youtu.be\/d6FEbztP02Q?si=qBycpKbTch_C1q8s\"><em>Cult Enigma<\/em><\/a> &#8211; fiction film workshop of Lj\u0161f\u0160 2024.<br>21:15 <a href=\"https:\/\/youtu.be\/nORYBXda2rI?si=Ay7FTXiSPJtv1YJ4\"><strong><em>My Late Summer<\/em><\/strong><\/a>, feature film, Danis Tanovi\u0107, 2024., CRO, BiH, ROM, SLO, RS<br><strong>Special appearance by screenwriter and<\/strong> <strong>actress Anja Matkovi\u0107<\/strong><\/p>\n\n\n\n<p class=\"has-text-align-left\"><span style=\"color: #0000ff;\"><strong>11. 8. MONDAY<\/strong><\/span><br>21:00 <a href=\"https:\/\/youtu.be\/IU0g3Iw4UDA?si=OmVtLzkobPcgxqCN\"><em>What&#8217;s Rustling?<\/em><\/a> <em>\u2013<\/em> fiction film workshop of Lj\u0161f\u0160 2024.<br>21:00 <a href=\"https:\/\/youtu.be\/q81FX7bFIyw?si=xeIGsA-_k8WZ6KgQ\"><strong><em>Block 5<\/em><\/strong><\/a>, feature film, Klemen Dvornik, 2024., SLO, CRO, RS, CZ<\/p>\n\n\n\n<p class=\"has-text-align-left\"><span style=\"color: #0000ff;\"><strong>12. 8. TUESDAY<\/strong><\/span><br>21:00 <a href=\"https:\/\/youtu.be\/ASFMfsD2Trw?si=JOHRhOv1JBz0t-lk\"><strong><em>\u0106iro<\/em><\/strong><\/a>, &#8211; a monodrama directed and performed by Tarik Filipovi\u0107<br>Authored by Mario Gabeli\u0107 and Tarik Filipovi\u0107<\/p>\n\n\n\n<p class=\"has-text-align-left\"><span style=\"color: #0000ff;\"><strong>13. 8. WEDNESDAY<\/strong><\/span><br>21:00 &nbsp;<a href=\"https:\/\/youtu.be\/FG_hsivu538?si=KpDrTb4h_jU4mgns\"><strong><em>Bumblebee\u2019s Summer<\/em><\/strong><\/a>, feature film, Daniel Ku\u0161an, 2025., CRO<br><strong>Special appearance by actor Frano Ma\u0161kovi\u0107<\/strong><\/p>\n\n\n\n<p><span style=\"color: #0000ff;\"><strong>14. 8. THURSDAY<\/strong> <\/span>&#8211; <strong>Closing Ceremony<\/strong><br>21:00 Presentation of the Works from Lj\u0161f\u0160 2025.<br>Award Ceremony<br><strong>Live at 22:30 Concert by<em> Daleka Obala (featuring Jak\u0161a &amp; Hrepa), followed by DJ Haris<\/em><\/strong><br>In cooperation with Dom \u0160ipan and Dubrovnik Tourist Board and Dubrovnik and Neretva Country Tourist Board<\/p>\n\n\n\n<p class=\"has-text-align-left\">*<em> In cooperation with <a href=\"https:\/\/kinematografi.org\/\">Kinematografi Dubrovn<\/a><\/em><a href=\"https:\/\/kinematografi.org\/\">ik<\/a><\/p>\n","protected":false},"excerpt":{"rendered":"<p>\u2013 Please scroll down for the English \u2013 3. 8. NEDJELJA &#8211; Lj\u0161f\u0160 koncert i festa Sv. Stjepana22:00 \u017deljko Bebek i Branko MedakU suradnji s Domom mlade\u017ei, TZ Grada Dubrovnika i TZ \u017dupanije Dubrova\u010dko neretvanske 5. 8. UTORAK &#8211; Sve\u010dano otvaranje21:00 Predstavljanje Lj\u0161f\u0160-a 2025.21:15 Mara \u2013 \u017divot za nove nara\u0161taje &#8211; sve\u010dana premijera animiranog filma&#8230;<\/p>\n","protected":false},"author":3,"featured_media":0,"parent":0,"menu_order":0,"comment_status":"closed","ping_status":"closed","template":"","meta":{"ngg_post_thumbnail":0},"_links":{"self":[{"href":"https:\/\/sipan-film.com\/index.php?rest_route=\/wp\/v2\/pages\/1879"}],"collection":[{"href":"https:\/\/sipan-film.com\/index.php?rest_route=\/wp\/v2\/pages"}],"about":[{"href":"https:\/\/sipan-film.com\/index.php?rest_route=\/wp\/v2\/types\/page"}],"author":[{"embeddable":true,"href":"https:\/\/sipan-film.com\/index.php?rest_route=\/wp\/v2\/users\/3"}],"replies":[{"embeddable":true,"href":"https:\/\/sipan-film.com\/index.php?rest_route=%2Fwp%2Fv2%2Fcomments&post=1879"}],"version-history":[{"count":17,"href":"https:\/\/sipan-film.com\/index.php?rest_route=\/wp\/v2\/pages\/1879\/revisions"}],"predecessor-version":[{"id":1945,"href":"https:\/\/sipan-film.com\/index.php?rest_route=\/wp\/v2\/pages\/1879\/revisions\/1945"}],"wp:attachment":[{"href":"https:\/\/sipan-film.com\/index.php?rest_route=%2Fwp%2Fv2%2Fmedia&parent=1879"}],"curies":[{"name":"wp","href":"https:\/\/api.w.org\/{rel}","templated":true}]}}