{"id":1877,"date":"2025-05-26T07:50:31","date_gmt":"2025-05-26T06:50:31","guid":{"rendered":"https:\/\/sipan-film.com\/?page_id=1877"},"modified":"2025-08-02T06:45:12","modified_gmt":"2025-08-02T05:45:12","slug":"radionice-2025","status":"publish","type":"page","link":"https:\/\/sipan-film.com\/?page_id=1877","title":{"rendered":"RADIONICE 2025"},"content":{"rendered":"\n<p>22. Ljetna \u0161kola filma \u0160ipan 2025. donosi nam 4 radionice:<\/p>\n\n\n\n<p><\/p>\n\n\n\n<p>RADIONICA IGRANOG FILMA 1 &#8211; voditelj<strong> Damir Ba\u0161i\u0107<\/strong><\/p>\n\n\n\n<hr class=\"wp-block-separator has-alpha-channel-opacity\"\/>\n\n\n\n<p>RADIONICA IGRANOG FILMA 2 &#8211; voditelji<strong> Nika Matu\u0161i\u0107 i Jan Ko\u017ei\u0107<\/strong><\/p>\n\n\n\n<hr class=\"wp-block-separator has-alpha-channel-opacity\"\/>\n\n\n\n<p>RADIONICA (za)IGRANOG FILMA &#8211; voditeljice  <strong>Mirna Ostro\u0161i\u0107 Galinovi\u0107 i Mia Maros \u017divkovi\u0107<\/strong><\/p>\n\n\n\n<hr class=\"wp-block-separator has-alpha-channel-opacity\"\/>\n\n\n\n<p>RADIONICA ANIMIRANOG FILMA &#8211; voditeljica <strong>Ivana \u0160eri\u0107<\/strong><\/p>\n\n\n\n<hr class=\"wp-block-separator has-alpha-channel-opacity\"\/>\n\n\n\n<hr class=\"wp-block-separator has-alpha-channel-opacity\"\/>\n\n\n\n<p>Napomena &#8211; <strong>sva mjesta su popunjena<\/strong> i vi\u0161e na\u017ealost nema mogu\u0107nosti za prijave polaznika za 22. Ljetnu \u0161kolu filma \u0160ipan 2025. !!!<\/p>\n\n\n\n<p class=\"has-text-align-left\"><strong>Prvi sastanak svih polaznika i voditelja je u ponedjeljak, 4. kolovoza u 17:30 ispred \u0161kole u \u0160ipanskoj Luci.<\/strong> <\/p>\n\n\n\n<hr class=\"wp-block-separator has-alpha-channel-opacity\"\/>\n\n\n\n<div class=\"wp-block-file\"><object class=\"wp-block-file__embed\" data=\"https:\/\/sipan-film.com\/wp-content\/uploads\/2025\/08\/POLAZNICI_VODITELJ-_22_LJSFS_2025_FINAL.pdf\" type=\"application\/pdf\" style=\"width:100%;height:600px\" aria-label=\"Embed of POLAZNICI_VODITELJ-_22_LJSFS_2025_FINAL.\"><\/object><a id=\"wp-block-file--media-b58d9b86-4877-4685-a317-dd1bc45939a0\" href=\"https:\/\/sipan-film.com\/wp-content\/uploads\/2025\/08\/POLAZNICI_VODITELJ-_22_LJSFS_2025_FINAL.pdf\">POLAZNICI_VODITELJ-_22_LJSFS_2025_FINAL<\/a><a href=\"https:\/\/sipan-film.com\/wp-content\/uploads\/2025\/08\/POLAZNICI_VODITELJ-_22_LJSFS_2025_FINAL.pdf\" class=\"wp-block-file__button wp-element-button\" download aria-describedby=\"wp-block-file--media-b58d9b86-4877-4685-a317-dd1bc45939a0\">Download<\/a><\/div>\n","protected":false},"excerpt":{"rendered":"<p>22. Ljetna \u0161kola filma \u0160ipan 2025. donosi nam 4 radionice: RADIONICA IGRANOG FILMA 1 &#8211; voditelj Damir Ba\u0161i\u0107 RADIONICA IGRANOG FILMA 2 &#8211; voditelji Nika Matu\u0161i\u0107 i Jan Ko\u017ei\u0107 RADIONICA (za)IGRANOG FILMA &#8211; voditeljice Mirna Ostro\u0161i\u0107 Galinovi\u0107 i Mia Maros \u017divkovi\u0107 RADIONICA ANIMIRANOG FILMA &#8211; voditeljica Ivana \u0160eri\u0107 Napomena &#8211; sva mjesta su popunjena i&#8230;<\/p>\n","protected":false},"author":3,"featured_media":0,"parent":0,"menu_order":0,"comment_status":"closed","ping_status":"closed","template":"","meta":{"ngg_post_thumbnail":0},"_links":{"self":[{"href":"https:\/\/sipan-film.com\/index.php?rest_route=\/wp\/v2\/pages\/1877"}],"collection":[{"href":"https:\/\/sipan-film.com\/index.php?rest_route=\/wp\/v2\/pages"}],"about":[{"href":"https:\/\/sipan-film.com\/index.php?rest_route=\/wp\/v2\/types\/page"}],"author":[{"embeddable":true,"href":"https:\/\/sipan-film.com\/index.php?rest_route=\/wp\/v2\/users\/3"}],"replies":[{"embeddable":true,"href":"https:\/\/sipan-film.com\/index.php?rest_route=%2Fwp%2Fv2%2Fcomments&post=1877"}],"version-history":[{"count":8,"href":"https:\/\/sipan-film.com\/index.php?rest_route=\/wp\/v2\/pages\/1877\/revisions"}],"predecessor-version":[{"id":1953,"href":"https:\/\/sipan-film.com\/index.php?rest_route=\/wp\/v2\/pages\/1877\/revisions\/1953"}],"wp:attachment":[{"href":"https:\/\/sipan-film.com\/index.php?rest_route=%2Fwp%2Fv2%2Fmedia&parent=1877"}],"curies":[{"name":"wp","href":"https:\/\/api.w.org\/{rel}","templated":true}]}}