{"id":1860,"date":"2025-05-24T12:58:00","date_gmt":"2025-05-24T11:58:00","guid":{"rendered":"https:\/\/sipan-film.com\/?page_id=1860"},"modified":"2025-05-24T13:19:22","modified_gmt":"2025-05-24T12:19:22","slug":"nagrada-hztk","status":"publish","type":"page","link":"https:\/\/sipan-film.com\/?page_id=1860","title":{"rendered":"Nagrada HZTK"},"content":{"rendered":"\n<div class=\"wp-block-media-text alignwide is-stacked-on-mobile is-vertically-aligned-top\"><figure class=\"wp-block-media-text__media\"><img decoding=\"async\" loading=\"lazy\" width=\"819\" height=\"1024\" src=\"http:\/\/sipan-film.com\/wp-content\/uploads\/2025\/05\/Untitled-design3-819x1024.jpg\" alt=\"\" class=\"wp-image-1863 size-full\" srcset=\"https:\/\/sipan-film.com\/wp-content\/uploads\/2025\/05\/Untitled-design3-819x1024.jpg 819w, https:\/\/sipan-film.com\/wp-content\/uploads\/2025\/05\/Untitled-design3-240x300.jpg 240w, https:\/\/sipan-film.com\/wp-content\/uploads\/2025\/05\/Untitled-design3-768x960.jpg 768w, https:\/\/sipan-film.com\/wp-content\/uploads\/2025\/05\/Untitled-design3-300x375.jpg 300w, https:\/\/sipan-film.com\/wp-content\/uploads\/2025\/05\/Untitled-design3-850x1063.jpg 850w, https:\/\/sipan-film.com\/wp-content\/uploads\/2025\/05\/Untitled-design3.jpg 1080w\" sizes=\"(max-width: 819px) 100vw, 819px\" \/><\/figure><div class=\"wp-block-media-text__content\">\n<p class=\"has-text-align-left\">Na temelju \u010dlanka 43.\/c Statuta Hrvatske zajednice tehni\u010dke kulture i \u010dlanka 10. Pravilnika o Nagradi Hrvatske zajednice tehni\u010dke kulture te Prijedloga Odluke o dodjeli Nagrade Hrvatske zajednice tehni\u010dke kulture za 2024. godinu Odbora za Nagradu Hrvatske zajednice tehni\u010dke kulture, Upravni odbor Hrvatske zajednice tehni\u010dke kulture na 12. sjednici odr\u017eanoj 17. svibnja 2025. godine donio je Odluku o dodjeli Nagrade Hrvatske zajednice tehni\u010dke kulture za 2024. godinu.<\/p>\n\n\n\n<p>\u0160kola filma \u0160ipan nagra\u0111uje se za doprinos razvitku i promicanju filmskog stvarala\u0161tva, tehni\u010dke kulture i stru\u010dnog rada u udrugama tehni\u010dke kulture Dubrova\u010dko-neretvanske \u017eupanije.<\/p>\n\n\n\n<p class=\"has-text-align-left\">Puno hvala Odboru za Nagradu, kao i upravnom odboru Hrvatske zajednice tehni\u010dke kulture &#8211; <a href=\"https:\/\/www.facebook.com\/hztk.hr?__cft__%5b0%5d=AZWn3SHDhC568UnfmOzrkv4V2hXFao8m0fU2OX9N3uwokdAq_rInY9E7WbLUzsUgJnmZ6pYbwabmwf9y8Id5cTAt8UmqUkaFnZ0FEJ5YwEaqRdppgnTJSs_ah1kkS9NfO0T0Ob0ALbzOlnMtWRvTvS4w4IjjLfTpUn9UXPeEZLWZteklK9aPLow6ipm9EHjeBVPIDw12PODEeWd70hylRAWu&amp;__tn__=-%5dK-R\">Hrvatska zajednica tehni\u010dke kulture<\/a> i naravno veliko veliko hvala <a href=\"https:\/\/www.facebook.com\/zajednicatehnickekulture?__cft__%5b0%5d=AZWn3SHDhC568UnfmOzrkv4V2hXFao8m0fU2OX9N3uwokdAq_rInY9E7WbLUzsUgJnmZ6pYbwabmwf9y8Id5cTAt8UmqUkaFnZ0FEJ5YwEaqRdppgnTJSs_ah1kkS9NfO0T0Ob0ALbzOlnMtWRvTvS4w4IjjLfTpUn9UXPeEZLWZteklK9aPLow6ipm9EHjeBVPIDw12PODEeWd70hylRAWu&amp;__tn__=-%5dK-R\">Zajednica Tehni\u010dke Kulture Dubrovnik<\/a> na nominaciji za ovu presti\u017enu nagradu.<\/p>\n<\/div><\/div>\n","protected":false},"excerpt":{"rendered":"<p>Na temelju \u010dlanka 43.\/c Statuta Hrvatske zajednice tehni\u010dke kulture i \u010dlanka 10. Pravilnika o Nagradi Hrvatske zajednice tehni\u010dke kulture te Prijedloga Odluke o dodjeli Nagrade Hrvatske zajednice tehni\u010dke kulture za 2024. godinu Odbora za Nagradu Hrvatske zajednice tehni\u010dke kulture, Upravni odbor Hrvatske zajednice tehni\u010dke kulture na 12. sjednici odr\u017eanoj 17. svibnja 2025. godine donio je&#8230;<\/p>\n","protected":false},"author":3,"featured_media":0,"parent":0,"menu_order":0,"comment_status":"closed","ping_status":"closed","template":"","meta":{"ngg_post_thumbnail":0},"_links":{"self":[{"href":"https:\/\/sipan-film.com\/index.php?rest_route=\/wp\/v2\/pages\/1860"}],"collection":[{"href":"https:\/\/sipan-film.com\/index.php?rest_route=\/wp\/v2\/pages"}],"about":[{"href":"https:\/\/sipan-film.com\/index.php?rest_route=\/wp\/v2\/types\/page"}],"author":[{"embeddable":true,"href":"https:\/\/sipan-film.com\/index.php?rest_route=\/wp\/v2\/users\/3"}],"replies":[{"embeddable":true,"href":"https:\/\/sipan-film.com\/index.php?rest_route=%2Fwp%2Fv2%2Fcomments&post=1860"}],"version-history":[{"count":5,"href":"https:\/\/sipan-film.com\/index.php?rest_route=\/wp\/v2\/pages\/1860\/revisions"}],"predecessor-version":[{"id":1874,"href":"https:\/\/sipan-film.com\/index.php?rest_route=\/wp\/v2\/pages\/1860\/revisions\/1874"}],"wp:attachment":[{"href":"https:\/\/sipan-film.com\/index.php?rest_route=%2Fwp%2Fv2%2Fmedia&parent=1860"}],"curies":[{"name":"wp","href":"https:\/\/api.w.org\/{rel}","templated":true}]}}