{"id":1840,"date":"2024-08-21T20:48:04","date_gmt":"2024-08-21T19:48:04","guid":{"rendered":"https:\/\/sipan-film.com\/?page_id=1840"},"modified":"2024-08-21T21:37:40","modified_gmt":"2024-08-21T20:37:40","slug":"produkcija-21-ljsfs-a-2024","status":"publish","type":"page","link":"https:\/\/sipan-film.com\/?page_id=1840","title":{"rendered":"PRODUKCIJA 21. Lj\u0161f\u0160-a 2024"},"content":{"rendered":"\n<p>S ponosom predstavljamo uratke nikad brojnijih, rekordnih 68, polaznika i 9 voditelja raspore\u0111enih u 4 radionice 21. Ljetne \u0161kole filma \u0160ipan 2024.<\/p>\n\n\n\n<hr class=\"wp-block-separator has-alpha-channel-opacity\"\/>\n\n\n\n<p class=\"has-text-align-center\"><strong>RADIONICA ANIMIRANOG FILMA<\/strong><\/p>\n\n\n\n<figure class=\"wp-block-embed is-type-video is-provider-youtube wp-block-embed-youtube wp-embed-aspect-16-9 wp-has-aspect-ratio\"><div class=\"wp-block-embed__wrapper\">\n<iframe loading=\"lazy\" title=\"LIFE for Mauremys\" width=\"640\" height=\"360\" src=\"https:\/\/www.youtube.com\/embed\/1sBE7YJoeKA?feature=oembed\" frameborder=\"0\" allow=\"accelerometer; autoplay; clipboard-write; encrypted-media; gyroscope; picture-in-picture; web-share\" referrerpolicy=\"strict-origin-when-cross-origin\" allowfullscreen><\/iframe>\n<\/div><figcaption class=\"wp-element-caption\"><br>Polaznici:<br>Natalija Ljubi\u0161i\u0107, Sara Brajovi\u0107, Vesna Vlahovi\u0107, Dora Ba\u0161i\u0107, Davor Cvjetkovi\u0107, Jak\u0161a Maru\u0161i\u0107, Mia Burum, Jakov Brajovi\u0107, Katija Vlahovi\u0107, Noa Vetma, Marki Mati\u0107, Ella Canel, Mia Franju\u0161i\u0107 Huskovi\u0107, \u0110uro Laba\u0161, Matija Milko, Noemi \u0160varc<br>Voditelji :<br>Lorena Ivanovi\u0107<br>Nikola Kapid\u017ei\u0107<br>Suradnica (ZOO Zagreb):<br>Ivana Kovarik Antonovi\u0107<br>Producenti:<br>Miro Bronzi\u0107<br>Nils Neubert<br>Radionica je organizirana u sklopu Projekta \u201cLIFE for Mauremys\u201d koji je osmi\u0161ljen i provodi se kako bi se pobolj\u0161ao nepovoljan status o\u010duvanosti slatkovodne vrste, rije\u010dne kornja\u010de (Mauremys rivulata). Projekt provodi Javna ustanova za upravljanje za\u0161ti\u0107enim dijelovima prirode Dubrova\u010dko-neretvanske \u017eupanije, u partnerstvu sa Sveu\u010dili\u0161tem u Zagrebu-Agronomskim fakultetom, Ustanovom Zoolo\u0161ki vrt Grada Zagreba, Hrvatskim vodama i Udrugom Hyla. Uloga Lj\u0161f\u0160 u samom projektu je provedba radionice animiranog filma za djecu te izrada edukativnog animiranog filma iz ove tematike.<\/figcaption><\/figure>\n\n\n\n<hr class=\"wp-block-separator has-alpha-channel-opacity\"\/>\n\n\n\n<p class=\"has-text-align-center\"><strong>RADIONICA (ZA)IGRANOG FILMA<\/strong><\/p>\n\n\n\n<figure class=\"wp-block-embed is-type-video is-provider-youtube wp-block-embed-youtube wp-embed-aspect-16-9 wp-has-aspect-ratio\"><div class=\"wp-block-embed__wrapper\">\n<iframe loading=\"lazy\" title=\"Misterija Lubenkradica\" width=\"640\" height=\"360\" src=\"https:\/\/www.youtube.com\/embed\/4JVJ5fEilDU?feature=oembed\" frameborder=\"0\" allow=\"accelerometer; autoplay; clipboard-write; encrypted-media; gyroscope; picture-in-picture; web-share\" referrerpolicy=\"strict-origin-when-cross-origin\" allowfullscreen><\/iframe>\n<\/div><figcaption class=\"wp-element-caption\">Polaznici:<br>Marinela Ur\u0111evi\u0107, Mario Surjan, Miko Mati\u0107, Ivana Skra\u010di\u0107, Lala Spremo, Luca Compagnoni, Elena Compagnoni, Mara \u0110urovi\u0107, Niko Dub\u010di\u0107, Ivana Mlado\u0161i\u0107, Nika Dobud, Lorena Radi\u0107, Aleksandra Sa\u0161a Skorupan, Nika Jarnevi\u0107, Marino Milko, Tomo Papi\u0107, Fran \u0160ulek<br>Voditelji :<br>Nika Matu\u0161i\u0107<br>Jan Ko\u017ei\u0107<br>Producenti.<br>Miro Bronzi\u0107<br>Nils Neubert<\/figcaption><\/figure>\n\n\n\n<hr class=\"wp-block-separator has-alpha-channel-opacity\"\/>\n\n\n\n<p class=\"has-text-align-center\"><strong>RADIONICA IGRANOG FILMA 2<\/strong><\/p>\n\n\n\n<figure class=\"wp-block-embed is-type-video is-provider-youtube wp-block-embed-youtube wp-embed-aspect-16-9 wp-has-aspect-ratio\"><div class=\"wp-block-embed__wrapper\">\n<iframe loading=\"lazy\" title=\"\u0160to \u0161u\u0161ka?\" width=\"640\" height=\"360\" src=\"https:\/\/www.youtube.com\/embed\/IU0g3Iw4UDA?feature=oembed\" frameborder=\"0\" allow=\"accelerometer; autoplay; clipboard-write; encrypted-media; gyroscope; picture-in-picture; web-share\" referrerpolicy=\"strict-origin-when-cross-origin\" allowfullscreen><\/iframe>\n<\/div><\/figure>\n\n\n\n<figure class=\"wp-block-embed is-type-video is-provider-youtube wp-block-embed-youtube wp-embed-aspect-16-9 wp-has-aspect-ratio\"><div class=\"wp-block-embed__wrapper\">\n<iframe loading=\"lazy\" title=\"Babice vo\u0107kice\" width=\"640\" height=\"360\" src=\"https:\/\/www.youtube.com\/embed\/pa8bnl6IG6I?feature=oembed\" frameborder=\"0\" allow=\"accelerometer; autoplay; clipboard-write; encrypted-media; gyroscope; picture-in-picture; web-share\" referrerpolicy=\"strict-origin-when-cross-origin\" allowfullscreen><\/iframe>\n<\/div><figcaption class=\"wp-element-caption\">Polaznici:<br>Toma Maru\u0161i\u0107, Karlo Radi\u0107, Nika Begonja , Nina Laptalo, Mihael Bogdan, Luka Markovi\u0107, Toni Le\u0161evi\u0107, Adriana Cvitanovi\u0107, Nikol Kristi\u0107, Oskar Neubert, Sara Kamber, Ben Kamber, Filip Jur\u010devi\u0107, Anton Kroner, Ilda Ba\u0161i\u0107, Dania Babaji\u0107<br>Voditelji :<br>Eva Marija Jure\u0161i\u0107<br>Toma Zidi\u0107<br>Producenti.<br>Miro Bronzi\u0107<br>Nils Neubert<\/figcaption><\/figure>\n\n\n\n<hr class=\"wp-block-separator has-alpha-channel-opacity\"\/>\n\n\n\n<p class=\"has-text-align-center\"><strong>RADIONICA IGRANOG FILMA 1<\/strong><\/p>\n\n\n\n<figure class=\"wp-block-embed is-type-video is-provider-youtube wp-block-embed-youtube wp-embed-aspect-16-9 wp-has-aspect-ratio\"><div class=\"wp-block-embed__wrapper\">\n<iframe loading=\"lazy\" title=\"Obra\u010dni entul\" width=\"640\" height=\"360\" src=\"https:\/\/www.youtube.com\/embed\/d6FEbztP02Q?feature=oembed\" frameborder=\"0\" allow=\"accelerometer; autoplay; clipboard-write; encrypted-media; gyroscope; picture-in-picture; web-share\" referrerpolicy=\"strict-origin-when-cross-origin\" allowfullscreen><\/iframe>\n<\/div><figcaption class=\"wp-element-caption\">Polaznici:<br>Maro Simunovi\u0107, Pero Boroje, Andrea \u0110urovi\u0107, Nika Bibica, Antun Cvjetkovi\u0107, Ea Vetma, Iris Kapid\u017ei\u0107, Sara Berdovi\u0107, Panthea Atabeyki, Lovro Simunovi\u0107, Ella Muhoberac, Lara Zuli\u0107, Margita Laba\u0161, Ana Lab\u0161, \u0110ive Kevo, Tessa Mar\u010dinko, Lorita Moreti\u0107, Mara Cvjetkovi\u0107<br>Voditelji :<br>Klara Rihtar<br>Marko Bi\u010dani\u010d<br>Jura Troje<br>Producenti.<br>Miro Bronzi\u0107<br>Nils Neubert<\/figcaption><\/figure>\n","protected":false},"excerpt":{"rendered":"<p>S ponosom predstavljamo uratke nikad brojnijih, rekordnih 68, polaznika i 9 voditelja raspore\u0111enih u 4 radionice 21. Ljetne \u0161kole filma \u0160ipan 2024. RADIONICA ANIMIRANOG FILMA RADIONICA (ZA)IGRANOG FILMA RADIONICA IGRANOG FILMA 2 RADIONICA IGRANOG FILMA 1<\/p>\n","protected":false},"author":3,"featured_media":0,"parent":0,"menu_order":0,"comment_status":"closed","ping_status":"closed","template":"","meta":{"ngg_post_thumbnail":0},"_links":{"self":[{"href":"https:\/\/sipan-film.com\/index.php?rest_route=\/wp\/v2\/pages\/1840"}],"collection":[{"href":"https:\/\/sipan-film.com\/index.php?rest_route=\/wp\/v2\/pages"}],"about":[{"href":"https:\/\/sipan-film.com\/index.php?rest_route=\/wp\/v2\/types\/page"}],"author":[{"embeddable":true,"href":"https:\/\/sipan-film.com\/index.php?rest_route=\/wp\/v2\/users\/3"}],"replies":[{"embeddable":true,"href":"https:\/\/sipan-film.com\/index.php?rest_route=%2Fwp%2Fv2%2Fcomments&post=1840"}],"version-history":[{"count":3,"href":"https:\/\/sipan-film.com\/index.php?rest_route=\/wp\/v2\/pages\/1840\/revisions"}],"predecessor-version":[{"id":1845,"href":"https:\/\/sipan-film.com\/index.php?rest_route=\/wp\/v2\/pages\/1840\/revisions\/1845"}],"wp:attachment":[{"href":"https:\/\/sipan-film.com\/index.php?rest_route=%2Fwp%2Fv2%2Fmedia&parent=1840"}],"curies":[{"name":"wp","href":"https:\/\/api.w.org\/{rel}","templated":true}]}}