{"id":1815,"date":"2024-07-27T17:09:08","date_gmt":"2024-07-27T16:09:08","guid":{"rendered":"http:\/\/sipan-film.com\/?page_id=1815"},"modified":"2024-07-28T12:11:56","modified_gmt":"2024-07-28T11:11:56","slug":"21-ljsfs-2024","status":"publish","type":"page","link":"https:\/\/sipan-film.com\/?page_id=1815","title":{"rendered":"21. LJ\u0160F\u0160 2024."},"content":{"rendered":"\n<figure class=\"wp-block-image size-large\"><a href=\"http:\/\/sipan-film.com\/wp-content\/uploads\/2024\/05\/cropped-zaglavna_1-8.png\"><img decoding=\"async\" loading=\"lazy\" width=\"1024\" height=\"366\" src=\"http:\/\/sipan-film.com\/wp-content\/uploads\/2024\/05\/cropped-zaglavna_1-8-1024x366.png\" alt=\"\" class=\"wp-image-1781\" srcset=\"https:\/\/sipan-film.com\/wp-content\/uploads\/2024\/05\/cropped-zaglavna_1-8-1024x366.png 1024w, https:\/\/sipan-film.com\/wp-content\/uploads\/2024\/05\/cropped-zaglavna_1-8-300x107.png 300w, https:\/\/sipan-film.com\/wp-content\/uploads\/2024\/05\/cropped-zaglavna_1-8-768x274.png 768w, https:\/\/sipan-film.com\/wp-content\/uploads\/2024\/05\/cropped-zaglavna_1-8.png 1400w\" sizes=\"(max-width: 1024px) 100vw, 1024px\" \/><\/a><\/figure>\n\n\n\n<h2 class=\"wp-block-heading has-text-align-center\"><strong>JO\u0160 JEDNO FILMSKO LJETO NA \u0160IPANU<\/strong><\/h2>\n\n\n<p>Sve je spremo za po\u010detka 21. po redu Ljetne \u0161kole filma \u0160ipan. Nakon \u0161to je za svoj jubilej&nbsp; \u2013 dvadeset godina rada ove zime dobila Nagradu Grad Dubrovnika udruga \u0160kola filma \u0160ipan pripremila nam je jo\u0161 jedno \u0161ipansko filmsko izdanje. Podsjetimo radi se o jedinstvenoj filmskoj manifestaciji koja otok \u0160ipan svake godine u prvoj polovici kolovoza pretvara u pravu oto\u010dnu filmsku oazu. Cijeli otok pretvara se u filmski set na kojem osnovno\u0161kolci kroz u\u010denje o sedmoj umjetnost uz pomo\u0107 i asistenciju svojih mentora, profesionalaca iz svijeta filma, kreiraju&nbsp; i snimaju vlastite filmske uratke. Nave\u010der sve to upotpunjeno je idili\u010dnim ambijentom otvornog kina u \u0160ipanskoj Luci u kojem se uvijek tra\u017ei stolica vi\u0161e za pogledati kino projekciju ili sudjelovati u popratnim programima kao \u0161to su glazbene i dramske ve\u010deri.<\/p>\n\n<div class=\"wp-block-image is-style-default\">\n<figure class=\"aligncenter size-large is-resized\"><a href=\"http:\/\/sipan-film.com\/wp-content\/uploads\/2024\/07\/1.-filmska-traka-s-elementima.png\" target=\"_blank\" rel=\"https:\/\/sipan-film.com\/?page_id=1711 noreferrer noopener\"><img decoding=\"async\" loading=\"lazy\" src=\"http:\/\/sipan-film.com\/wp-content\/uploads\/2024\/07\/1.-filmska-traka-s-elementima-1024x269.png\" alt=\"\" class=\"wp-image-1822\" width=\"222\" height=\"58\" srcset=\"https:\/\/sipan-film.com\/wp-content\/uploads\/2024\/07\/1.-filmska-traka-s-elementima-1024x269.png 1024w, https:\/\/sipan-film.com\/wp-content\/uploads\/2024\/07\/1.-filmska-traka-s-elementima-300x79.png 300w, https:\/\/sipan-film.com\/wp-content\/uploads\/2024\/07\/1.-filmska-traka-s-elementima-768x202.png 768w, https:\/\/sipan-film.com\/wp-content\/uploads\/2024\/07\/1.-filmska-traka-s-elementima-1536x404.png 1536w, https:\/\/sipan-film.com\/wp-content\/uploads\/2024\/07\/1.-filmska-traka-s-elementima-2048x538.png 2048w, https:\/\/sipan-film.com\/wp-content\/uploads\/2024\/07\/1.-filmska-traka-s-elementima-850x223.png 850w\" sizes=\"(max-width: 222px) 100vw, 222px\" \/><\/a><\/figure><\/div>\n\n\n<h3 class=\"wp-block-heading has-text-align-center\"><strong><em>\u010cetiri radionice sa 67 polaznika i 9 mentora \u2013 voditelja<\/em><\/strong><\/h3>\n\n\n<p style=\"text-align: left;\">Ovog ljeta u radionicama \u0107e sudjelovati rekordnih &nbsp;67 polaznika, a biti \u0107e raspore\u0111eni u \u010detiri radionice. Radionicu igranog filma 1 voditi \u0107e filmski pedagog Jura Troje iz Zagreba skupa s mladim snagama s ADU Zagreb redateljem Markom Bi\u010dani\u0107em i glumicom Klarom Rihtar. Drugu radionicu igranog filma voditi \u0107e filmski i dramski pedagozi Toma Zidi\u0107 i Eva Marija Jure\u0161i\u0107.&nbsp; Tre\u0107a radionica ovog ljeta je ona ZA(igranog filma) koju vode nekad i sami polaznici Lj\u0161f\u0160-a. a danas profesionalci u filmskoj produkciji mlada glumica Nika Matu\u0161i\u0107 i filma\u0161 Jan Ko\u017ei\u0107. Ovogodi\u0161nju radionica animiranog filma &nbsp;vode Lorena Ivanovi\u0107 i Nikola Kapid\u017ei\u0107 a organizira se u sklopu Projekta <em>&#8220;<\/em><a href=\"https:\/\/www.facebook.com\/lifeformauremys?__cft__%5b0%5d=AZXLooUTO_Ca-RQiIUW-N1TRKShZa2QBiKfLUCNCeYg-4DCV0zNKDaLZKcFoFu9olnxewvV8KuMY11vAPWyQrMyQunXexz8sZqnl9dcJ6h-reAKneh8LOnnhgkSC8xPIiGQmGgQq9UgKtT7-JCUk-65V-MLK7rypxHOahHZpYUBbWFMBjw0KFLrS_ylR4K2YtfbdC47fkyzhLa7H1sETNvFIC9iJ0m62M7jU5sne7hPguiAnerOMJoJSAWmm1TUe120&amp;__tn__=-%5dK-R\"><em>LIFE for Mauremys<\/em><\/a><em> &#8221;<\/em> koji je osmi\u0161ljen i provodi se kako bi se pobolj\u0161ao nepovoljan status o\u010duvanosti slatkovodne vrste, rije\u010dne kornja\u010de (Mauremys rivulata). Projekt provodi Javna ustanova za upravljanje za\u0161ti\u0107enim dijelovima prirode Dubrova\u010dko-neretvanske \u017eupanije, u partnerstvu sa Sveu\u010dili\u0161tem u Zagrebu-Agronomskim fakultetom, Ustanovom Zoolo\u0161ki vrt Grada Zagreba, Hrvatskim vodama i Udrugom Hyla. Uloga Lj\u0161f\u0160 u samom projektu je provedba radionice animiranog filma za djecu te izrada edukativnog animiranog filma iz ove tematike.<\/p>\n<p style=\"text-align: center;\">Sve o radionicama ovogodi\u0161nje Lj\u0161f\u0160 pogledajte <a href=\"https:\/\/sipan-film.com\/?page_id=1711\" target=\"_blank\" rel=\"noopener\"><strong>OVDJE<\/strong><\/a><\/p>\n\n<div class=\"wp-block-image is-style-default\">\n<figure class=\"aligncenter size-large is-resized\"><a href=\"http:\/\/sipan-film.com\/wp-content\/uploads\/2024\/07\/1.-filmska-traka-s-elementima.png\" target=\"_blank\" rel=\"https:\/\/sipan-film.com\/?page_id=1711 noreferrer noopener\"><img decoding=\"async\" loading=\"lazy\" src=\"http:\/\/sipan-film.com\/wp-content\/uploads\/2024\/07\/1.-filmska-traka-s-elementima-1024x269.png\" alt=\"\" class=\"wp-image-1822\" width=\"222\" height=\"58\" srcset=\"https:\/\/sipan-film.com\/wp-content\/uploads\/2024\/07\/1.-filmska-traka-s-elementima-1024x269.png 1024w, https:\/\/sipan-film.com\/wp-content\/uploads\/2024\/07\/1.-filmska-traka-s-elementima-300x79.png 300w, https:\/\/sipan-film.com\/wp-content\/uploads\/2024\/07\/1.-filmska-traka-s-elementima-768x202.png 768w, https:\/\/sipan-film.com\/wp-content\/uploads\/2024\/07\/1.-filmska-traka-s-elementima-1536x404.png 1536w, https:\/\/sipan-film.com\/wp-content\/uploads\/2024\/07\/1.-filmska-traka-s-elementima-2048x538.png 2048w, https:\/\/sipan-film.com\/wp-content\/uploads\/2024\/07\/1.-filmska-traka-s-elementima-850x223.png 850w\" sizes=\"(max-width: 222px) 100vw, 222px\" \/><\/a><\/figure><\/div>\n\n\n<h3 class=\"wp-block-heading has-text-align-center\"><strong><em>Od Zlatne palme iz Cannesa preko recentnih filmskih hitova do nagrade \u201cVladimir Nazor\u201d<\/em><\/strong><\/h3>\n\n\n<p style=\"text-align: left;\">Po dobrom i provjerenom obi\u010daju ovogodi\u0161nji bogati ve\u010dernji program donosi nam za svakoga pone\u0161to. Nakon uvodnog koncerte za kojeg su ovog ljeta zadu\u017eeni klapa Ka\u0161e, Silente i DJ Ivess od popratnog programa o\u010dekuje nas i predstava <em>Matrimonijo <\/em>Kazali\u0161ne dru\u017eine Kolarin, a u glavnom programu kina pored starog platnja o\u010dekuje nas zaista raznovrstan filmski sadr\u017eaj. Od nagra\u0111ivanih festivalskih uspje\u0161nica, zanimljivih dje\u010djih i obiteljskih filmova, preko najnovijih komedija doma\u010de produkcije (koje jo\u0161 nisu ili tek kre\u0107u u kino distribucija), te filma iz naftalina sve do dva izvrsna dokumentarca od kojih oko jednoga ve\u017eemo \u010ditav tematski dan vaterpola na pla\u017ei Prije\u017eba, a na projekciju drugoga&nbsp; uz redatelja dolazi svjedok pri\u010de iz samog filma. Sve to uz niz popratnih zanimljivih kratkih filmova. Uz filmove u kino programu ovog ljeta \u0160ipan \u0107e tako ugostiti redatelje Dra\u017eena \u017darkovi\u0107a i Ivana Ramljeka te redatelja i glumca Dejana A\u0107imovi\u0107a.<\/p>\n<p style=\"text-align: center;\">Cjelokupan ve\u010dernji program 21. Ljetne \u0161kole filma \u0160ipan pogledajte <a href=\"https:\/\/sipan-film.com\/?page_id=1713\" target=\"_blank\" rel=\"noopener\"><strong>OVDJE<\/strong><\/a><\/p>","protected":false},"excerpt":{"rendered":"<p>JO\u0160 JEDNO FILMSKO LJETO NA \u0160IPANU Sve je spremo za po\u010detka 21. po redu Ljetne \u0161kole filma \u0160ipan. Nakon \u0161to je za svoj jubilej&nbsp; \u2013 dvadeset godina rada ove zime dobila Nagradu Grad Dubrovnika udruga \u0160kola filma \u0160ipan pripremila nam je jo\u0161 jedno \u0161ipansko filmsko izdanje. Podsjetimo radi se o jedinstvenoj filmskoj manifestaciji koja otok&#8230;<\/p>\n","protected":false},"author":3,"featured_media":0,"parent":0,"menu_order":0,"comment_status":"closed","ping_status":"closed","template":"","meta":{"ngg_post_thumbnail":0},"_links":{"self":[{"href":"https:\/\/sipan-film.com\/index.php?rest_route=\/wp\/v2\/pages\/1815"}],"collection":[{"href":"https:\/\/sipan-film.com\/index.php?rest_route=\/wp\/v2\/pages"}],"about":[{"href":"https:\/\/sipan-film.com\/index.php?rest_route=\/wp\/v2\/types\/page"}],"author":[{"embeddable":true,"href":"https:\/\/sipan-film.com\/index.php?rest_route=\/wp\/v2\/users\/3"}],"replies":[{"embeddable":true,"href":"https:\/\/sipan-film.com\/index.php?rest_route=%2Fwp%2Fv2%2Fcomments&post=1815"}],"version-history":[{"count":12,"href":"https:\/\/sipan-film.com\/index.php?rest_route=\/wp\/v2\/pages\/1815\/revisions"}],"predecessor-version":[{"id":1836,"href":"https:\/\/sipan-film.com\/index.php?rest_route=\/wp\/v2\/pages\/1815\/revisions\/1836"}],"wp:attachment":[{"href":"https:\/\/sipan-film.com\/index.php?rest_route=%2Fwp%2Fv2%2Fmedia&parent=1815"}],"curies":[{"name":"wp","href":"https:\/\/api.w.org\/{rel}","templated":true}]}}