{"id":1713,"date":"2024-07-20T06:28:31","date_gmt":"2024-07-20T05:28:31","guid":{"rendered":"http:\/\/sipan-film.com\/?page_id=1713"},"modified":"2024-07-24T14:31:22","modified_gmt":"2024-07-24T13:31:22","slug":"kino-program-24","status":"publish","type":"page","link":"https:\/\/sipan-film.com\/?page_id=1713","title":{"rendered":"KINO PROGRAM 24"},"content":{"rendered":"<p style=\"text-align: center;\"><em>&#8211; Please scroll down for the English &#8211;<\/em><\/p>\n<p><strong>3. 8. SUBOTA &#8211; <\/strong>Lj\u0161f\u0160 koncert i festa Sv. Stjepana<br><strong>22:00 Klapa Ka\u0161e \/ SILENTE \/ DJ Ivess<\/strong><br>U suradnji s Domom mlade\u017ei i TZ-om Grada Dubrovnika<\/p>\n<p><strong>5. 8. PONEDJELJAK &#8211; Sve\u010dano otvaranje<\/strong><br>21:00 Nastup mladih \u0161ipanskih glazbenika<br>21:30 Predstavljanje Lj\u0161f\u0160-a 2024.<br>21:40<em> <a href=\"https:\/\/youtu.be\/vSNEUuXzQ4U?si=x50K-b1Nj8l-bNN0\">Tajna<\/a> &#8211;<\/em> radionica animiranog filma Lj\u0161f\u0160-a, 2023.<br>21:45 <strong><em><a href=\"https:\/\/youtu.be\/T6p1pnwSNms?si=cPUXTLzos4EJuosb\">Moje neobi\u010dno ljeto s Tess<\/a><\/em><\/strong>, igrani film, Steven Wouterlood, 2019., NI *<\/p>\n<p><strong>6. 8.&nbsp; UTORAK<\/strong><br>21:00 <strong><em><a href=\"https:\/\/youtu.be\/Z8wvulyrdC8?si=JiGZOhvSFU0QJ3E9\">\u010covjek koji nije mogao \u0161utjeti<\/a><\/em><\/strong>, igrani film, Neboj\u0161a Sljep\u010devi\u0107, 2024., HR, BG, FR, SI<br>21:15<em> Iz naftalina: <strong><a href=\"https:\/\/mojtv.hr\/m2\/film.aspx?id=200144\" target=\"_blank\" rel=\"noopener\">I oprosti nam dugove na\u0161e<\/a><\/strong>,<\/em> igrani film, Daniel Maru\u0161i\u0107, 1969., HR<\/p>\n<p><strong>7. 8. SRIJEDA<\/strong><br>21:00 <strong><em><a href=\"https:\/\/www.kinoholik.hr\/film\/zarko-razmazit-ces-dite\">\u017darko razmazit \u010de\u0161 dite!, <\/a><\/em><\/strong>&nbsp;animirani film, Veljko Popovi\u0107, Milivoj Popovi\u0107, 2023., HR<br>21:15 <strong><em><a href=\"https:\/\/youtu.be\/hCa93ikAtqI?si=bPn1UCz8r-4Hq4sa\">\u0160al\u0161a<\/a><\/em><\/strong><em>, <\/em>igrani film, Dra\u017een \u017darkovi\u0107, 2024., HR<br><strong>U prisustvu redatelja Dra\u017eena \u017darkovi\u0107a<\/strong><\/p>\n<p><strong>8. 8. \u010cETVRTAK<\/strong><br>21:00 <a href=\"https:\/\/youtu.be\/oHOk-JrFnPQ?si=J3XZapvOGL68P1aX\">Insert<\/a> radionice sinkronizacije animiranog filma Lj\u0161f\u0160-a 2023.<br>21:10 <strong><em><a href=\"https:\/\/youtu.be\/BALiRogH_y8?si=Nj6_K8MTGX1NzOmd\">Ma\u010dak u \u010dizmama: posljednja \u017eelja<\/a>, <\/em><\/strong>animirani film, Joel Crawford, Januel Mercado, 2022., SAD *<\/p>\n<p><strong>9. 8. PETAK<\/strong><br>21:00 <em><a href=\"https:\/\/youtu.be\/DLMx9esq0Ok?si=1q6rW0QM9ATEXPOh\">Tajna d\u017eema od maslina<\/a> \u2013<\/em> radionica igranog filma Lj\u0161f\u0160-a 2023.<br>21:15<a href=\"https:\/\/youtu.be\/bsc8WznLlfY?si=ZvW9ALp2zKbTWeJS\"><strong><em>&nbsp;\u017divi i zdravi<\/em><\/strong><\/a>, igrani film, Ivan Marinovi\u0107, 2023., ME, RS, CZ, HR, MK, SI *&nbsp;<\/p>\n<p><strong>10. 8. SUBOTA &#8211;&nbsp; DAN VATERPOLA \u2013 Prije\u017eba<\/strong><br>17:00 Revijalna utakmica <em>Lj\u0161f\u0160 vs All stars<\/em><br>18:00 Panel \u2013 Vaterpolo \u2013 djeca i mladi, sudjeluju Nik\u0161a Dobud i prijatelji<br>21:00 <strong><em><a href=\"https:\/\/youtu.be\/H5KccxZI8gw?si=JmqDXq5xE1aIfsf9\">Dogodio se<\/a><\/em><\/strong>, dokumentarni film, Dejan A\u0107imovi\u0107, 2024., HR<br><strong>U prisustvu redatelja Dejana A\u0107imovi\u0107a<\/strong><\/p>\n<p><strong>11. 8. NEDJELJA<\/strong><br>21:00 <strong><em><a href=\"https:\/\/dubrovacki.slobodnadalmacija.hr\/dubrovnik\/vijesti\/kultura\/nakon-10-godina-matrimonijo-opet-na-sceni-a-kolarini-svojom-kultnom-predstavom-opet-nasmijali-brojnu-publiku-jelica-cucevic-potvrdila-status-prvakinje-druzine-1382634\">Matrimonijo,<\/a><\/em><\/strong> dramska predstava <strong>Kazali\u0161ne dru\u017eine Kolarin<\/strong><br>Tekst: Jozo Lovri\u0107 Jadrijev \/ re\u017eija: Paolo Ti\u0161ljari\u0107<\/p>\n<p><strong>12. 8. PONEDJELJAK<\/strong><br>21:00 <em><a href=\"https:\/\/youtu.be\/J5McdeeMy-A?si=nHDsvEtI8ey9okCC\">EkoIT<\/a> nasukani kit&nbsp; &#8211;<\/em> radionica eko filma Lj\u0161f\u0160-a, 2023.<br>21:10 <strong><em><a href=\"https:\/\/youtu.be\/l0udds5cTZI?si=RlDu41zv9A9Kjaw1\">El Shatt &#8211; nacrt za utopiju<\/a><\/em><\/strong><em>, <\/em>dokumentarni film, Ivan Ramljak, 2023., HR, RS<br><strong>U prisustvu redatelja Ivana Ramljaka i svjedoka Sre\u0107ka Vla\u0161i\u0107a<\/strong><\/p>\n<p><strong>13. 08. UTORAK<\/strong><br>21:00 <em><a href=\"https:\/\/youtu.be\/rp6Nn4aoC7s?si=pU0Bm_I0AzTgaSHi\">Dorin i Galinin dnevnik<\/a>, <\/em>kratki igrani film, O\u0160 Ivana Gunduli\u0107a, podru\u010dni odjel \u0160ipan<em>, 2023.<\/em><br>21:10 <strong><em><a href=\"https:\/\/youtu.be\/8id4LLgwkZg?si=IcTBCCdL7K5SMGqX\">Ja, kapetan<\/a><\/em><\/strong>, igrani film, Matteo Garrone, 2023., IT, BE, FR *&nbsp;<\/p>\n<p><strong>14. 8.&nbsp; SRIJEDA &#8211; Sve\u010dano zatvaranje<\/strong><br>21:00 Premijere radova svih radionica Lj\u0161f\u0160-a 2024.<br>Dodjela nagrada i priznanja<\/p>\n<p>*&nbsp;<em>u suradnji s <a href=\"https:\/\/kinematografi.org\/\">Kinematografima Dubrovnik<\/a><\/em><\/p>\n<p>&nbsp;<\/p>\n\n\n<hr class=\"wp-block-separator has-alpha-channel-opacity is-style-wide\"\/>\n\n\n\n<div class=\"wp-block-group is-layout-constrained\"><div class=\"wp-block-group__inner-container\">\n<p>&nbsp;<\/p>\n<p><strong>3. 8. \u2013 SATURDAY<\/strong> &#8211; Lj\u0161f\u0160 concert and St. Stephen Fest<br><strong>22:00 Vocal group Ka\u0161e \/ SILENTE band \/ DJ Ivess<\/strong><br>In cooperation with Dom \u0160ipan and Dubrovnik Tourist Board<\/p>\n<p><strong>5. 8. MONDAY &#8211;<\/strong> <strong>Opening Ceremony<\/strong><br>21:00 Performance of young musicians from \u0160ipan<br>21:30 Introduction of Lj\u0161f\u0160 2024<br>21:40 <a href=\"https:\/\/youtu.be\/vSNEUuXzQ4U?si=iDNA0DZ9z0hCDdxP\"><em>Secret<\/em><\/a><em>,<\/em> animated &nbsp;film workshop of Lj\u0161f\u0160 2023<br>21:45 <a href=\"https:\/\/youtu.be\/EBuI7kjvVDE?si=2L3W0MjM8rwNPl3u\"><strong><em>My Extraordinary Summer with Tess<\/em><\/strong><\/a>, feature film, &nbsp;Steven Wouterlood, 2019., NI *<\/p>\n<p><strong>6. 8. TUESDAY<\/strong><br>21:00 <a href=\"https:\/\/youtu.be\/Z8wvulyrdC8?si=BPH0ICjY6nfJZ8fg\"><strong><em>The Man Who Could Not Remain Silent<\/em><\/strong><\/a><strong><em>,<\/em><\/strong> short feature film, Neboj\u0161a Sljep\u010devi\u0107, 2024., CRO<br>21:15 <em>Old Croatian film:<\/em> <a href=\"https:\/\/mojtv.hr\/m2\/film.aspx?id=200144\"><strong><em>And Forgive Us Our Debts<\/em><\/strong><\/a><em>,<\/em> feature film, &nbsp;Daniel Maru\u0161i\u0107, 1969., CRO<\/p>\n<p><strong>7. 8. WEDNESDAY<\/strong><br>21:00 <a href=\"https:\/\/www.kinoholik.hr\/film\/zarko-razmazit-ces-dite\"><strong><em>\u017darko, You Will Spoil the Child!<\/em><\/strong><\/a><em>,<\/em> animated film, Veljko Popovi\u0107, Milivoj Popovi\u0107, 2023., CRO<br>21:15 <a href=\"https:\/\/youtu.be\/hCa93ikAtqI?si=rhj-1jPoOOKpi99l\"><strong><em>Summer Teeth<\/em><\/strong><\/a><em>, <\/em>feature film, Dra\u017een \u017darkovi\u0107, 2024., CRO<br><strong>Special appearance by director <\/strong><strong>Dra\u017een \u017darkovi\u0107<\/strong><\/p>\n<p><strong>8. 8. THURSDAY<\/strong><br>21:00 Short <a href=\"https:\/\/youtu.be\/oHOk-JrFnPQ?si=J3XZapvOGL68P1aX\">dubbing footage<\/a> from animated film workshop of Lj\u0161f\u0160 2023.<br>21:10 <a href=\"https:\/\/youtu.be\/RqrXhwS33yc?si=b_nXkH6utlp24eed\"><strong><em>Puss in Boots: The Last Wish<\/em><\/strong><\/a>, animated film, Joel Crawford, Januel Mercado, 2022., USA*<br><strong>&nbsp;<\/strong><br><strong>9. 8. FRIDAY<\/strong><br>21:00 <a href=\"https:\/\/youtu.be\/DLMx9esq0Ok?si=1q6rW0QM9ATEXPOh\"><em>The Secret of Oliva Mermalade<\/em><\/a><em> \u2013 <\/em>fiction film workshop of Lj\u0161f\u0160 2023<br>21:15 <strong><em>&nbsp;<\/em><\/strong><a href=\"https:\/\/youtu.be\/G_XYP7-ii80?si=shHG-DVPlAi-bPwc\"><strong><em>Forever Hold Your Peace<\/em><\/strong><\/a>, feature film, Ivan Marinovi\u0107, 2023., ME, RS, CZ, CRO, MK, SI *&nbsp;<\/p>\n<p><strong>10. 8. SATURDAY- Waterpolo day \u2013 Prije\u017eba beach<\/strong><br>17:00 Exhibition waterpolo game &#8211; <em>Lj\u0161f\u0160 vs All stars<\/em><br>18:00 Panel \u2013 children and youth in waterpolo &#8211; with Nik\u0161a Dobud and friends<br>21:00 <a href=\"https:\/\/youtu.be\/H5KccxZI8gw?si=JmqDXq5xE1aIfsf9\"><strong><em>He Happened<\/em><\/strong><\/a>, documentary film, Dejan A\u0107imovi\u0107, 2024., HR<br><strong>Special appearance by director <\/strong><strong>Dejan A\u0107imovi\u0107<\/strong><\/p>\n<p><strong>11. 8. SUNDAY<\/strong><br>21:00 <a href=\"https:\/\/dubrovacki.slobodnadalmacija.hr\/dubrovnik\/vijesti\/kultura\/nakon-10-godina-matrimonijo-opet-na-sceni-a-kolarini-svojom-kultnom-predstavom-opet-nasmijali-brojnu-publiku-jelica-cucevic-potvrdila-status-prvakinje-druzine-1382634\"><strong><em>Matrimonijo<\/em><\/strong><\/a>, theatre,ATheatre company Kolarin Dubrovnik<br>author \u2013 Jozo Lovri\u0107 Jadrijev, director: Paolo Ti\u0161ljari\u0107<\/p>\n<p><strong>&nbsp;12. 8. MONDAY<\/strong><br>21:00 <a href=\"https:\/\/youtu.be\/J5McdeeMy-A?si=nHDsvEtI8ey9okCC\"><em>EcoIT<\/em><\/a><em>&nbsp;&nbsp; &#8211;<\/em> eco film workshop of Lj\u0161f\u0160 2023.<br>21:10 <a href=\"https:\/\/youtu.be\/hurWJwgavU4?si=AtLyB61wvOuvbVGm\"><strong><em>El Shatt &#8211; A Blueprint for Utopia<\/em><\/strong><\/a><em>, <\/em>documentary film, Ivan Ramljak, 2023., CRO, RS<br><strong>Special appearance by director <\/strong><strong>Ivan Ramljak and witness Sre\u0107ko Vla\u0161i\u0107<\/strong><\/p>\n<p><strong>13. 8. TUESDAY<\/strong><br>21:00 <a href=\"https:\/\/youtu.be\/rp6Nn4aoC7s?si=pU0Bm_I0AzTgaSHi\"><em>Dora &amp; Galina&#8217;s Diary<\/em><\/a><em>, <\/em>short feature film, \u0160ipan Elementary School<em>, 2023.<\/em><br>21:10 <a href=\"https:\/\/youtu.be\/Z6fLvLN2EqM?si=ob9tv_MbxgEBNc7u\"><strong><em>Io Capitano<\/em><\/strong><\/a>, feature film, Matteo Garrone, 2023., IT, BE, FR *&nbsp;<\/p>\n<p><strong>14. 8. WEDNESDAY &#8211;<\/strong> <strong>Closing Ceremony<\/strong><br>21:00 Presentation of the Works from Lj\u0161f\u0160 2024.<br>Award Ceremony<\/p>\n<p>* In cooperation with <a href=\"https:\/\/kinematografi.org\/\">Kinematografi Dubrovnik<\/a><\/p>\n<\/div><\/div>\n","protected":false},"excerpt":{"rendered":"<p>&#8211; Please scroll down for the English &#8211; 3. 8. SUBOTA &#8211; Lj\u0161f\u0160 koncert i festa Sv. Stjepana22:00 Klapa Ka\u0161e \/ SILENTE \/ DJ IvessU suradnji s Domom mlade\u017ei i TZ-om Grada Dubrovnika 5. 8. PONEDJELJAK &#8211; Sve\u010dano otvaranje21:00 Nastup mladih \u0161ipanskih glazbenika21:30 Predstavljanje Lj\u0161f\u0160-a 2024.21:40 Tajna &#8211; radionica animiranog filma Lj\u0161f\u0160-a, 2023.21:45 Moje neobi\u010dno&#8230;<\/p>\n","protected":false},"author":3,"featured_media":0,"parent":0,"menu_order":0,"comment_status":"closed","ping_status":"closed","template":"","meta":{"ngg_post_thumbnail":0},"_links":{"self":[{"href":"https:\/\/sipan-film.com\/index.php?rest_route=\/wp\/v2\/pages\/1713"}],"collection":[{"href":"https:\/\/sipan-film.com\/index.php?rest_route=\/wp\/v2\/pages"}],"about":[{"href":"https:\/\/sipan-film.com\/index.php?rest_route=\/wp\/v2\/types\/page"}],"author":[{"embeddable":true,"href":"https:\/\/sipan-film.com\/index.php?rest_route=\/wp\/v2\/users\/3"}],"replies":[{"embeddable":true,"href":"https:\/\/sipan-film.com\/index.php?rest_route=%2Fwp%2Fv2%2Fcomments&post=1713"}],"version-history":[{"count":22,"href":"https:\/\/sipan-film.com\/index.php?rest_route=\/wp\/v2\/pages\/1713\/revisions"}],"predecessor-version":[{"id":1804,"href":"https:\/\/sipan-film.com\/index.php?rest_route=\/wp\/v2\/pages\/1713\/revisions\/1804"}],"wp:attachment":[{"href":"https:\/\/sipan-film.com\/index.php?rest_route=%2Fwp%2Fv2%2Fmedia&parent=1713"}],"curies":[{"name":"wp","href":"https:\/\/api.w.org\/{rel}","templated":true}]}}