{"id":1711,"date":"2024-07-20T06:28:02","date_gmt":"2024-07-20T05:28:02","guid":{"rendered":"http:\/\/sipan-film.com\/?page_id=1711"},"modified":"2024-08-02T08:55:54","modified_gmt":"2024-08-02T07:55:54","slug":"radionice-24","status":"publish","type":"page","link":"https:\/\/sipan-film.com\/?page_id=1711","title":{"rendered":"RADIONICE 24"},"content":{"rendered":"\n<p><\/p>\n\n\n\n<p class=\"has-text-align-center has-medium-font-size\"><img decoding=\"async\" loading=\"lazy\" height=\"16\" width=\"16\" src=\"https:\/\/static.xx.fbcdn.net\/images\/emoji.php\/v9\/tcc\/2\/16\/1f3ac.png\" alt=\"\ud83c\udfac\">  <img decoding=\"async\" loading=\"lazy\" height=\"16\" width=\"16\" src=\"https:\/\/static.xx.fbcdn.net\/images\/emoji.php\/v9\/tfe\/2\/16\/1f31e.png\" alt=\"\ud83c\udf1e\">  <img decoding=\"async\" loading=\"lazy\" height=\"16\" width=\"16\" src=\"https:\/\/static.xx.fbcdn.net\/images\/emoji.php\/v9\/tcc\/2\/16\/1f3ac.png\" alt=\"\ud83c\udfac\">   <strong>RADIONICA IGRANOG FILMA 1 <\/strong> <img decoding=\"async\" loading=\"lazy\" height=\"16\" width=\"16\" src=\"https:\/\/static.xx.fbcdn.net\/images\/emoji.php\/v9\/t9e\/2\/16\/1f3a5.png\" alt=\"\ud83c\udfa5\">   <img decoding=\"async\" loading=\"lazy\" height=\"16\" width=\"16\" src=\"https:\/\/static.xx.fbcdn.net\/images\/emoji.php\/v9\/tfe\/2\/16\/1f31e.png\" alt=\"\ud83c\udf1e\">   <img decoding=\"async\" loading=\"lazy\" height=\"16\" width=\"16\" src=\"https:\/\/static.xx.fbcdn.net\/images\/emoji.php\/v9\/t9e\/2\/16\/1f3a5.png\" alt=\"\ud83c\udfa5\">   <\/p>\n\n\n\n<figure class=\"wp-block-image size-large\"><a href=\"http:\/\/sipan-film.com\/wp-content\/uploads\/2024\/07\/RADIONICA-IGRANOG-FILMA-1.png\"><img decoding=\"async\" loading=\"lazy\" width=\"1024\" height=\"1024\" src=\"http:\/\/sipan-film.com\/wp-content\/uploads\/2024\/07\/RADIONICA-IGRANOG-FILMA-1-1024x1024.png\" alt=\"\" class=\"wp-image-1720\" srcset=\"https:\/\/sipan-film.com\/wp-content\/uploads\/2024\/07\/RADIONICA-IGRANOG-FILMA-1-1024x1024.png 1024w, https:\/\/sipan-film.com\/wp-content\/uploads\/2024\/07\/RADIONICA-IGRANOG-FILMA-1-300x300.png 300w, https:\/\/sipan-film.com\/wp-content\/uploads\/2024\/07\/RADIONICA-IGRANOG-FILMA-1-150x150.png 150w, https:\/\/sipan-film.com\/wp-content\/uploads\/2024\/07\/RADIONICA-IGRANOG-FILMA-1-768x768.png 768w, https:\/\/sipan-film.com\/wp-content\/uploads\/2024\/07\/RADIONICA-IGRANOG-FILMA-1.png 1080w\" sizes=\"(max-width: 1024px) 100vw, 1024px\" \/><\/a><\/figure>\n\n\n\n<p>Voditelji\u2013 sad u LJ\u0160F\u0160 voditelj s najvi\u0161e radionica \u2013 na\u0161 gotovo pa stalni suradnik <a href=\"https:\/\/web.facebook.com\/jura.troje?__cft__[0]=AZU42qGWQFv44nPJliCoSu0YKWUeo_2i_0vP-8TobOfFFYPsHalsXH9DX-EO_U8hMR0d-wxGfKF8Bad__4Jmug-yzBUXZAREMEejV9E8R4JFT_vnWBY4sgXuidLWFgs3YlxGwkQ0VMKnAqXjKJr0eo_ptZJ1HuALTDixVWf_LxZiwrf7yWNM80CeYE4z8Y4fL1gsf2WFUffnxstBVHzJAa3o&amp;__tn__=-]K-R\">Jura Troje<\/a> iz udruge <a href=\"https:\/\/web.facebook.com\/kaooossszg?__cft__[0]=AZU42qGWQFv44nPJliCoSu0YKWUeo_2i_0vP-8TobOfFFYPsHalsXH9DX-EO_U8hMR0d-wxGfKF8Bad__4Jmug-yzBUXZAREMEejV9E8R4JFT_vnWBY4sgXuidLWFgs3YlxGwkQ0VMKnAqXjKJr0eo_ptZJ1HuALTDixVWf_LxZiwrf7yWNM80CeYE4z8Y4fL1gsf2WFUffnxstBVHzJAa3o&amp;__tn__=-]K-R\">Kaooosss<\/a>. Ove godine u poja\u010danju s mladim snagama s ADU Zagreb. Uz Juru na \u0160ipan nam sti\u017ee mladi perspektivni duo: glumica <a href=\"https:\/\/web.facebook.com\/klara.zgs?__cft__[0]=AZU42qGWQFv44nPJliCoSu0YKWUeo_2i_0vP-8TobOfFFYPsHalsXH9DX-EO_U8hMR0d-wxGfKF8Bad__4Jmug-yzBUXZAREMEejV9E8R4JFT_vnWBY4sgXuidLWFgs3YlxGwkQ0VMKnAqXjKJr0eo_ptZJ1HuALTDixVWf_LxZiwrf7yWNM80CeYE4z8Y4fL1gsf2WFUffnxstBVHzJAa3o&amp;__tn__=-]K-R\">Klara Rihtar<\/a> i redatelj <a href=\"https:\/\/web.facebook.com\/markobicanicmb?__cft__[0]=AZU42qGWQFv44nPJliCoSu0YKWUeo_2i_0vP-8TobOfFFYPsHalsXH9DX-EO_U8hMR0d-wxGfKF8Bad__4Jmug-yzBUXZAREMEejV9E8R4JFT_vnWBY4sgXuidLWFgs3YlxGwkQ0VMKnAqXjKJr0eo_ptZJ1HuALTDixVWf_LxZiwrf7yWNM80CeYE4z8Y4fL1gsf2WFUffnxstBVHzJAa3o&amp;__tn__=-]K-R\">Marko Bi\u010dani\u0107<\/a><\/p>\n\n\n\n<p><\/p>\n\n\n\n<hr class=\"wp-block-separator has-alpha-channel-opacity\"\/>\n\n\n\n<p class=\"has-text-align-center has-medium-font-size\"><img decoding=\"async\" loading=\"lazy\" height=\"16\" width=\"16\" src=\"https:\/\/static.xx.fbcdn.net\/images\/emoji.php\/v9\/tee\/2\/16\/2600.png\" alt=\"\u2600\ufe0f\">    <img decoding=\"async\" loading=\"lazy\" height=\"16\" width=\"16\" src=\"https:\/\/static.xx.fbcdn.net\/images\/emoji.php\/v9\/tcc\/2\/16\/1f3ac.png\" alt=\"\ud83c\udfac\">    <img decoding=\"async\" loading=\"lazy\" height=\"16\" width=\"16\" src=\"https:\/\/static.xx.fbcdn.net\/images\/emoji.php\/v9\/tee\/2\/16\/2600.png\" alt=\"\u2600\ufe0f\">   <strong>RADIONICA IGRANOG FILMA \u2013 2<\/strong>    <img decoding=\"async\" loading=\"lazy\" height=\"16\" width=\"16\" src=\"https:\/\/static.xx.fbcdn.net\/images\/emoji.php\/v9\/tee\/2\/16\/2600.png\" alt=\"\u2600\ufe0f\">    <img decoding=\"async\" loading=\"lazy\" height=\"16\" width=\"16\" src=\"https:\/\/static.xx.fbcdn.net\/images\/emoji.php\/v9\/t9e\/2\/16\/1f3a5.png\" alt=\"\ud83c\udfa5\">  <img decoding=\"async\" loading=\"lazy\" height=\"16\" width=\"16\" src=\"https:\/\/static.xx.fbcdn.net\/images\/emoji.php\/v9\/tee\/2\/16\/2600.png\" alt=\"\u2600\ufe0f\"><\/p>\n\n\n\n<figure class=\"wp-block-image size-large\"><a href=\"http:\/\/sipan-film.com\/wp-content\/uploads\/2024\/07\/RADIONICA-IGRANOG-FILMA-2.png\"><img decoding=\"async\" loading=\"lazy\" width=\"1024\" height=\"1024\" src=\"http:\/\/sipan-film.com\/wp-content\/uploads\/2024\/07\/RADIONICA-IGRANOG-FILMA-2-1024x1024.png\" alt=\"\" class=\"wp-image-1725\" srcset=\"https:\/\/sipan-film.com\/wp-content\/uploads\/2024\/07\/RADIONICA-IGRANOG-FILMA-2-1024x1024.png 1024w, https:\/\/sipan-film.com\/wp-content\/uploads\/2024\/07\/RADIONICA-IGRANOG-FILMA-2-300x300.png 300w, https:\/\/sipan-film.com\/wp-content\/uploads\/2024\/07\/RADIONICA-IGRANOG-FILMA-2-150x150.png 150w, https:\/\/sipan-film.com\/wp-content\/uploads\/2024\/07\/RADIONICA-IGRANOG-FILMA-2-768x768.png 768w, https:\/\/sipan-film.com\/wp-content\/uploads\/2024\/07\/RADIONICA-IGRANOG-FILMA-2.png 1080w\" sizes=\"(max-width: 1024px) 100vw, 1024px\" \/><\/a><\/figure>\n\n\n\n<p>Toma Zidi\u0107 autor je dokumentarnih, kratkih igranih filmova i tv spotova, a filmskom i dramskom pedagogijom bavi se ve\u0107 dugi niz godina. Ka\u017ee nam da je zadnji put na \u0160ipanu bio u ljeto 89te ili 90te kao mali dje\u010dak i evo pravog trenutka za povratak na filmski otok. Ali Toma nam ne dolazi sam ve\u0107 sa suradnicom \u2013 jo\u0161 jednom mladom filma\u0161icom Evom Marijom Jure\u0161i\u0107.<\/p>\n\n\n\n<p><\/p>\n\n\n\n<hr class=\"wp-block-separator has-alpha-channel-opacity\"\/>\n\n\n\n<p class=\"has-text-align-center has-medium-font-size\"><strong><img decoding=\"async\" loading=\"lazy\" height=\"16\" width=\"16\" src=\"https:\/\/static.xx.fbcdn.net\/images\/emoji.php\/v9\/tee\/2\/16\/2600.png\" alt=\"\u2600\">    <img decoding=\"async\" loading=\"lazy\" height=\"16\" width=\"16\" src=\"https:\/\/static.xx.fbcdn.net\/images\/emoji.php\/v9\/ted\/2\/16\/1f6dd.png\" alt=\"\ud83d\udedd\">    <img decoding=\"async\" loading=\"lazy\" height=\"16\" width=\"16\" src=\"https:\/\/static.xx.fbcdn.net\/images\/emoji.php\/v9\/tcc\/2\/16\/1f3ac.png\" alt=\"\ud83c\udfac\">   RADIONICA (za)IGRANOG FILMA   <img decoding=\"async\" loading=\"lazy\" height=\"16\" width=\"16\" src=\"https:\/\/static.xx.fbcdn.net\/images\/emoji.php\/v9\/tee\/2\/16\/2600.png\" alt=\"\u2600\">    <img decoding=\"async\" loading=\"lazy\" height=\"16\" width=\"16\" src=\"https:\/\/static.xx.fbcdn.net\/images\/emoji.php\/v9\/ted\/2\/16\/1f6dd.png\" alt=\"\ud83d\udedd\">   <img decoding=\"async\" loading=\"lazy\" height=\"16\" width=\"16\" src=\"https:\/\/static.xx.fbcdn.net\/images\/emoji.php\/v9\/ta9\/2\/16\/1f4fd.png\" alt=\"\ud83d\udcfd\"><\/strong><\/p>\n\n\n\n<figure class=\"wp-block-image size-large\"><a href=\"http:\/\/sipan-film.com\/wp-content\/uploads\/2024\/07\/RADIONICA-zaIGRANOG-FILMA-.png\"><img decoding=\"async\" loading=\"lazy\" width=\"1024\" height=\"1024\" src=\"http:\/\/sipan-film.com\/wp-content\/uploads\/2024\/07\/RADIONICA-zaIGRANOG-FILMA--1024x1024.png\" alt=\"\" class=\"wp-image-1729\" srcset=\"https:\/\/sipan-film.com\/wp-content\/uploads\/2024\/07\/RADIONICA-zaIGRANOG-FILMA--1024x1024.png 1024w, https:\/\/sipan-film.com\/wp-content\/uploads\/2024\/07\/RADIONICA-zaIGRANOG-FILMA--300x300.png 300w, https:\/\/sipan-film.com\/wp-content\/uploads\/2024\/07\/RADIONICA-zaIGRANOG-FILMA--150x150.png 150w, https:\/\/sipan-film.com\/wp-content\/uploads\/2024\/07\/RADIONICA-zaIGRANOG-FILMA--768x768.png 768w, https:\/\/sipan-film.com\/wp-content\/uploads\/2024\/07\/RADIONICA-zaIGRANOG-FILMA-.png 1080w\" sizes=\"(max-width: 1024px) 100vw, 1024px\" \/><\/a><\/figure>\n\n\n\n<p>Poha\u0111ati \u0107e je oni malo mla\u0111i, jo\u0161 dovoljno zaigrani, ali i spremni biti uigrani u timskom duhu i u kreiranju vlastitog igranog filma. Posebnost ove radionice le\u017ei u tome da je vode nekad i sami polaznici Lj\u0161f\u0160-a i to: od nedavno diplomirana glumica \u2013 na\u0161a mlada nada sa Su\u0111ur\u0111a <a href=\"https:\/\/web.facebook.com\/profile.php?id=100005010348274&amp;__cft__[0]=AZVtZbH9mGumksYG2YReiM19FrmkFT2IZQCzN9zpHM31uoi2x91DlRfvbuMAWQvXhhWaCwp8L4bBlT0-VLYmEVUgk-4ooEVhHZnqb14_VSckBG-H7DJMmBRhMamQPN-SKyKWYc_OB2zhs2YhZFZRqNDi0u9snNoOjgqNtXuyy_viCuqlVYpIV2_8acPD7oH4OcLDI1jW47wZfnqyUHZKJrIM&amp;__tn__=-]K-R\">Nika Matu\u0161i\u0107<\/a> u suradnji s mladim filma\u0161om &#8211; AV stru\u010dnjakom Janom Ko\u017ei\u0107em.<\/p>\n\n\n\n<p><\/p>\n\n\n\n<hr class=\"wp-block-separator has-alpha-channel-opacity\"\/>\n\n\n\n<p class=\"has-text-align-center has-medium-font-size\"><strong><img decoding=\"async\" loading=\"lazy\" height=\"16\" width=\"16\" src=\"https:\/\/static.xx.fbcdn.net\/images\/emoji.php\/v9\/tee\/2\/16\/2600.png\" alt=\"\u2600\">   <img decoding=\"async\" loading=\"lazy\" height=\"16\" width=\"16\" src=\"https:\/\/static.xx.fbcdn.net\/images\/emoji.php\/v9\/t2b\/2\/16\/1f422.png\" alt=\"\ud83d\udc22\">   <img decoding=\"async\" loading=\"lazy\" height=\"16\" width=\"16\" src=\"https:\/\/static.xx.fbcdn.net\/images\/emoji.php\/v9\/t21\/2\/16\/1f3a8.png\" alt=\"\ud83c\udfa8\">   RADIONICA ANIMIRANOG FILMA   <img decoding=\"async\" loading=\"lazy\" height=\"16\" width=\"16\" src=\"https:\/\/static.xx.fbcdn.net\/images\/emoji.php\/v9\/tcc\/2\/16\/1f3ac.png\" alt=\"\ud83c\udfac\">   <img decoding=\"async\" loading=\"lazy\" height=\"16\" width=\"16\" src=\"https:\/\/static.xx.fbcdn.net\/images\/emoji.php\/v9\/t2b\/2\/16\/1f422.png\" alt=\"\ud83d\udc22\">  <img decoding=\"async\" loading=\"lazy\" height=\"16\" width=\"16\" src=\"https:\/\/static.xx.fbcdn.net\/images\/emoji.php\/v9\/t6b\/2\/16\/1f3bc.png\" alt=\"\ud83c\udfbc\"><\/strong><\/p>\n\n\n\n<figure class=\"wp-block-image size-large\"><a href=\"http:\/\/sipan-film.com\/wp-content\/uploads\/2024\/07\/RADIONICA-animiranog-FILMA-.png\"><img decoding=\"async\" loading=\"lazy\" width=\"1024\" height=\"1024\" src=\"http:\/\/sipan-film.com\/wp-content\/uploads\/2024\/07\/RADIONICA-animiranog-FILMA--1024x1024.png\" alt=\"\" class=\"wp-image-1733\" srcset=\"https:\/\/sipan-film.com\/wp-content\/uploads\/2024\/07\/RADIONICA-animiranog-FILMA--1024x1024.png 1024w, https:\/\/sipan-film.com\/wp-content\/uploads\/2024\/07\/RADIONICA-animiranog-FILMA--300x300.png 300w, https:\/\/sipan-film.com\/wp-content\/uploads\/2024\/07\/RADIONICA-animiranog-FILMA--150x150.png 150w, https:\/\/sipan-film.com\/wp-content\/uploads\/2024\/07\/RADIONICA-animiranog-FILMA--768x768.png 768w, https:\/\/sipan-film.com\/wp-content\/uploads\/2024\/07\/RADIONICA-animiranog-FILMA-.png 1080w\" sizes=\"(max-width: 1024px) 100vw, 1024px\" \/><\/a><\/figure>\n\n\n\n<p>Vode je na\u0161i dugogodi\u0161nji suradnici Lorena Ivanovi\u0107 i <a href=\"https:\/\/web.facebook.com\/nikola.kapidzic?__cft__[0]=AZWUpYhVfDGpTT0-AXmg8zYHJCF2j00OEu9r3dxRBrou_djPcBltXrZiW2jh2XpKU-eJoUUeWuKW8nuSvkjFDHP4yMbgyfzoe00nzYlCJVZxt4jilLtDPQrH8ROHCjIaOnLqJNZ0DAbxaiA3Vd7RDeUkjpAjvsHsqmpj62QKEswjHcwfVIKc89Ite8f-TtQHdXFmDUGak2WS5RCDHavFa60M8kmcT9woCV60h8jzU8sL7g&amp;__tn__=-]K-R\">Nikola Kapid\u017ei\u0107<\/a> .Ovu radionicu organiziramo u sklopu Projekta<em><a href=\"https:\/\/life4mauremys.agr.hr\/\" data-type=\"URL\" data-id=\"https:\/\/life4mauremys.agr.hr\/\"> &#8220;LIFE for Mauremys&#8221;<\/a><\/em> koji je osmi\u0161ljen i provodi se kako bi se pobolj\u0161ao nepovoljan status o\u010duvanosti slatkovodne vrste, rije\u010dne kornja\u010de (Mauremys rivulata). Projekt provodi <a rel=\"noreferrer noopener\" href=\"https:\/\/www.zastita-prirode-dnz.hr\/\" data-type=\"URL\" data-id=\"https:\/\/www.zastita-prirode-dnz.hr\/\" target=\"_blank\">Javna ustanova <\/a>za upravljanje za\u0161ti\u0107enim dijelovima prirode Dubrova\u010dko-neretvanske \u017eupanije, u partnerstvu sa Sveu\u010dili\u0161tem u Zagrebu-<a rel=\"noreferrer noopener\" href=\"https:\/\/www.agr.unizg.hr\/\" data-type=\"URL\" data-id=\"https:\/\/www.agr.unizg.hr\/\" target=\"_blank\">Agronomskim<\/a> fakultetom, Ustanovom <a rel=\"noreferrer noopener\" href=\"https:\/\/zoo.hr\/\" data-type=\"URL\" data-id=\"https:\/\/zoo.hr\/\" target=\"_blank\">Zoolo\u0161ki vrt Grada Zagreba,<\/a> Hrvatskim vodama i <a rel=\"noreferrer noopener\" href=\"https:\/\/www.facebook.com\/hylango\" data-type=\"URL\" data-id=\"https:\/\/www.facebook.com\/hylango\" target=\"_blank\">Udrugom Hyla.<\/a> Uloga Lj\u0161f\u0160 u samom projektu je provedba radionice animiranog filma za djecu te izrada edukativnog animiranog filma iz ove tematike.<\/p>\n\n\n\n<hr class=\"wp-block-separator has-alpha-channel-opacity\"\/>\n\n\n\n<p class=\"has-text-align-center has-medium-font-size\"> <strong> <img decoding=\"async\" loading=\"lazy\" height=\"16\" width=\"16\" src=\"https:\/\/static.xx.fbcdn.net\/images\/emoji.php\/v9\/tcc\/2\/16\/1f3ac.png\" alt=\"\ud83c\udfac\"><\/strong> <strong>POPIS POLAZNIKA PO RADIONICAMA<\/strong> <strong> <img decoding=\"async\" loading=\"lazy\" height=\"16\" width=\"16\" src=\"https:\/\/static.xx.fbcdn.net\/images\/emoji.php\/v9\/tcc\/2\/16\/1f3ac.png\" alt=\"\ud83c\udfac\"><\/strong><\/p>\n\n\n\n<figure class=\"wp-block-image size-large\"><a href=\"https:\/\/sipan-film.com\/wp-content\/uploads\/2024\/08\/Screenshot-2024-08-02-at-09.50.08.png\"><img decoding=\"async\" loading=\"lazy\" width=\"1024\" height=\"600\" src=\"https:\/\/sipan-film.com\/wp-content\/uploads\/2024\/08\/Screenshot-2024-08-02-at-09.50.08-1024x600.png\" alt=\"\" class=\"wp-image-1837\" srcset=\"https:\/\/sipan-film.com\/wp-content\/uploads\/2024\/08\/Screenshot-2024-08-02-at-09.50.08-1024x600.png 1024w, https:\/\/sipan-film.com\/wp-content\/uploads\/2024\/08\/Screenshot-2024-08-02-at-09.50.08-300x176.png 300w, https:\/\/sipan-film.com\/wp-content\/uploads\/2024\/08\/Screenshot-2024-08-02-at-09.50.08-768x450.png 768w, https:\/\/sipan-film.com\/wp-content\/uploads\/2024\/08\/Screenshot-2024-08-02-at-09.50.08-1536x899.png 1536w, https:\/\/sipan-film.com\/wp-content\/uploads\/2024\/08\/Screenshot-2024-08-02-at-09.50.08-2048x1199.png 2048w, https:\/\/sipan-film.com\/wp-content\/uploads\/2024\/08\/Screenshot-2024-08-02-at-09.50.08-850x498.png 850w\" sizes=\"(max-width: 1024px) 100vw, 1024px\" \/><\/a><\/figure>\n","protected":false},"excerpt":{"rendered":"<p>RADIONICA IGRANOG FILMA 1 Voditelji\u2013 sad u LJ\u0160F\u0160 voditelj s najvi\u0161e radionica \u2013 na\u0161 gotovo pa stalni suradnik Jura Troje iz udruge Kaooosss. Ove godine u poja\u010danju s mladim snagama s ADU Zagreb. Uz Juru na \u0160ipan nam sti\u017ee mladi perspektivni duo: glumica Klara Rihtar i redatelj Marko Bi\u010dani\u0107 RADIONICA IGRANOG FILMA \u2013 2 Toma&#8230;<\/p>\n","protected":false},"author":3,"featured_media":0,"parent":0,"menu_order":0,"comment_status":"closed","ping_status":"closed","template":"","meta":{"ngg_post_thumbnail":0},"_links":{"self":[{"href":"https:\/\/sipan-film.com\/index.php?rest_route=\/wp\/v2\/pages\/1711"}],"collection":[{"href":"https:\/\/sipan-film.com\/index.php?rest_route=\/wp\/v2\/pages"}],"about":[{"href":"https:\/\/sipan-film.com\/index.php?rest_route=\/wp\/v2\/types\/page"}],"author":[{"embeddable":true,"href":"https:\/\/sipan-film.com\/index.php?rest_route=\/wp\/v2\/users\/3"}],"replies":[{"embeddable":true,"href":"https:\/\/sipan-film.com\/index.php?rest_route=%2Fwp%2Fv2%2Fcomments&post=1711"}],"version-history":[{"count":17,"href":"https:\/\/sipan-film.com\/index.php?rest_route=\/wp\/v2\/pages\/1711\/revisions"}],"predecessor-version":[{"id":1838,"href":"https:\/\/sipan-film.com\/index.php?rest_route=\/wp\/v2\/pages\/1711\/revisions\/1838"}],"wp:attachment":[{"href":"https:\/\/sipan-film.com\/index.php?rest_route=%2Fwp%2Fv2%2Fmedia&parent=1711"}],"curies":[{"name":"wp","href":"https:\/\/api.w.org\/{rel}","templated":true}]}}