{"id":161,"date":"2013-07-05T22:34:03","date_gmt":"2013-07-05T20:34:03","guid":{"rendered":"http:\/\/sipan-film.com\/?page_id=161"},"modified":"2024-07-21T19:48:48","modified_gmt":"2024-07-21T18:48:48","slug":"imprint","status":"publish","type":"page","link":"https:\/\/sipan-film.com\/?page_id=161","title":{"rendered":"Impressum"},"content":{"rendered":"<p>\u00a9 \u0160kola filma \u0160ipan &#8211; sva prava pridr\u017eana<\/p>\n<div>\n<p>\u0160kola filma \u0160ipan<br \/>\nLuka bb<br \/>\n20223 \u0160ipanska luka<br \/>\ninfo@sipan-film.com<\/p>\n<p>Miro Bronzic +385 99 216 76 53<\/p>\n<p>Nils Neubert&nbsp; +49 177 579 66 71<\/p>\n<\/div>\n","protected":false},"excerpt":{"rendered":"<p>\u00a9 \u0160kola filma \u0160ipan &#8211; sva prava pridr\u017eana \u0160kola filma \u0160ipan Luka bb 20223 \u0160ipanska luka info@sipan-film.com Miro Bronzic +385 99 216 76 53 Nils Neubert&nbsp; +49 177 579 66 71<\/p>\n","protected":false},"author":1,"featured_media":0,"parent":0,"menu_order":0,"comment_status":"closed","ping_status":"open","template":"","meta":{"ngg_post_thumbnail":0},"_links":{"self":[{"href":"https:\/\/sipan-film.com\/index.php?rest_route=\/wp\/v2\/pages\/161"}],"collection":[{"href":"https:\/\/sipan-film.com\/index.php?rest_route=\/wp\/v2\/pages"}],"about":[{"href":"https:\/\/sipan-film.com\/index.php?rest_route=\/wp\/v2\/types\/page"}],"author":[{"embeddable":true,"href":"https:\/\/sipan-film.com\/index.php?rest_route=\/wp\/v2\/users\/1"}],"replies":[{"embeddable":true,"href":"https:\/\/sipan-film.com\/index.php?rest_route=%2Fwp%2Fv2%2Fcomments&post=161"}],"version-history":[{"count":7,"href":"https:\/\/sipan-film.com\/index.php?rest_route=\/wp\/v2\/pages\/161\/revisions"}],"predecessor-version":[{"id":1792,"href":"https:\/\/sipan-film.com\/index.php?rest_route=\/wp\/v2\/pages\/161\/revisions\/1792"}],"wp:attachment":[{"href":"https:\/\/sipan-film.com\/index.php?rest_route=%2Fwp%2Fv2%2Fmedia&parent=161"}],"curies":[{"name":"wp","href":"https:\/\/api.w.org\/{rel}","templated":true}]}}