{"id":1166,"date":"2021-06-24T06:50:23","date_gmt":"2021-06-24T05:50:23","guid":{"rendered":"http:\/\/sipan-film.com\/?page_id=1166"},"modified":"2021-08-02T12:27:35","modified_gmt":"2021-08-02T11:27:35","slug":"program-2021","status":"publish","type":"page","link":"http:\/\/sipan-film.com\/?page_id=1166","title":{"rendered":"PROGRAM 2021"},"content":{"rendered":"<pre><strong>--- for English please scroll down ---<\/strong><\/pre>\n<h1 style=\"text-align: center;\">06.08. \u2013 PETAK<\/h1>\n<p>21:00 <strong>Sve\u010dano otvaranje<\/strong><\/p>\n<p>Predstavljanje radionica Lj\u0161f\u0160 2021.<\/p>\n<p><strong><em><a href=\"https:\/\/www.youtube.com\/watch?v=9r5SlVQvr60\">\u201eMagda Mozarka\u201c<\/a><\/em><\/strong>, kratki igrani film, Bojana Momirovi\u0107, 2016., HR<\/p>\n<p>U prisustvu redateljice <strong>Bojane Momirovi\u0107<\/strong><\/p>\n<p><strong><em><a href=\"https:\/\/www.youtube.com\/watch?v=--UzbTtXxJc\">\u201cRibanje i ribarsko prigovaranje\u201c<\/a><\/em><\/strong><em>, <\/em>igrani film, Milan Trenc, 2020., HR,<\/p>\n<p>U prisustvu redatelja <strong>Milana Trenca<\/strong><\/p>\n<p>&nbsp;<\/p>\n<p style=\"text-align: center;\"><strong>07.08. \u2013 SUBOTA<\/strong><\/p>\n<p>21:00 <a href=\"https:\/\/www.youtube.com\/watch?v=-Q1UuenJ9lI\">\u201eOtmica\u201c<\/a>&#8211; radionica igranog filma LJ\u0160F\u0160 2020.<\/p>\n<p>21:15 <strong><em><a href=\"https:\/\/www.youtube.com\/watch?v=hCXUfzEhfkA\">\u201cOtac\u201d<\/a><\/em><\/strong>, igrani film, Sr\u0111an Golubovi\u0107, 2020., RS\/FR\/DE\/HR\/SI\/BA<\/p>\n<p>&nbsp;<\/p>\n<p style=\"text-align: center;\"><strong>08.08. \u2013 NEDJELJA<\/strong> &nbsp;<\/p>\n<p>21:00 <em><a href=\"https:\/\/www.youtube.com\/watch?v=7A4ZmQyDuIU&amp;t=445s\">\u201eHumbara\u201c<\/a><\/em> &#8211; radionica igranog filma LJ\u0160F\u0160 2020.<\/p>\n<p>21:15 <strong><em><a href=\"https:\/\/www.croatia-film.hr\/carobnjakov-sesir.html\">\u201e\u010carobnjakov \u0161e\u0161ir\u201c<\/a>&#8211;<\/em><\/strong> animirani film, Milan Bla\u017eekovi\u0107, 1989., YU\/HR<\/p>\n<p>&nbsp;<\/p>\n<p style=\"text-align: center;\"><strong>09.08. \u2013 PONEDJELJAK<\/strong><\/p>\n<p>21:00 <strong><em><a href=\"https:\/\/www.youtube.com\/watch?v=81zMlHkUSaU\">\u201eMara i Kata\u201c<\/a><\/em><\/strong><strong> &#8211;<\/strong> dramska predstava, autor: Sa\u0161a Bo\u017ei\u0107,<\/p>\n<p>glume: <strong>Nata\u0161a Dangubi\u0107 i Doris \u0160ari\u0107 Kukuljica<em>.<\/em><\/strong><\/p>\n<p>U suradnji s Dubrova\u010dke Ljetne igre i TZ Grada Dubrovnika<\/p>\n<p>&nbsp;<\/p>\n<p style=\"text-align: center;\"><strong>10.08. \u2013 UTORAK<\/strong><\/p>\n<p>21:00 <strong><em><a href=\"https:\/\/www.youtube.com\/watch?v=eS34OiSaEX0\">\u201eQuo vadis Aida?\u201c<\/a><\/em><\/strong>, igrani film, Jasmila \u017dbani\u0107, 2020., BIH\/HR\/AU\/RO\/NE\/DE\/POL\/FR\/NO\/TU<\/p>\n<p>&nbsp;<\/p>\n<p style=\"text-align: center;\"><strong>11.08. \u2013 SRIJEDA<\/strong><\/p>\n<p>21:00 Introdocs <a href=\"http:\/\/duper.org\/\">Nikole Dupera<\/a>: <strong>Pasko Baburica \/ Miho Pracat \/ Federiko Glavi\u0107<\/strong><\/p>\n<p>21:15 <strong><em><a href=\"http:\/\/hrfilm.hr\/baza_film.php?id=251\">\u201eGoli \u010dovik\u201c<\/a><\/em><\/strong>, igrani film, Obrad Glu\u0161\u010devi\u0107, 1968., YU<\/p>\n<p>&nbsp;<\/p>\n<p style=\"text-align: center;\"><strong>12.08. \u2013 \u010cETVRTAK<\/strong><\/p>\n<p>21:00 <a href=\"https:\/\/dura.hr\/2020\/02\/15\/wonder\/\" target=\"_blank\" rel=\"noopener\">WONDER <\/a>&#8211; Child friendly destinations &#8211; predstavljanje projekta &#8211; DURA<\/p>\n<p>21:15 <strong><em><a href=\"https:\/\/www.youtube.com\/watch?v=XTToSK3TLTE\">\u201eMoj brat lovi dinosaure\u201c<\/a><\/em><\/strong>, igrani film, Stefano Cipani, 2019., IT\/ESP<\/p>\n<p>&nbsp;<\/p>\n<p style=\"text-align: center;\"><strong>14.08. \u2013 SUBOTA<\/strong><\/p>\n<p><strong>Sve\u010dano zatvaranje<\/strong><\/p>\n<p>21:00 Premijere radova svih radionica Lj\u0161f\u0160 2021.<\/p>\n<p>Dodjela nagrada i priznanja<\/p>\n<p>&nbsp;<\/p>\n<h2 style=\"text-align: center;\"><span class=\"tojvnm2t a6sixzi8 abs2jz4q a8s20v7p t1p8iaqh k5wvi7nf q3lfd5jv pk4s997a bipmatt0 cebpdrjk qowsmv63 owwhemhu dp1hu0rb dhp61c6y iyyx5f41\" style=\"color: #ff0000;\"><strong>S obzirom na po\u0161tivanje epidemiolo\u0161kih preporuka i mjera program je podlo\u017ean promjenama !!!!!<\/strong> <\/span><\/h2>\n<p>&nbsp;<\/p>\n<h2 style=\"text-align: center;\"><strong>_____________________________________________________________________________<\/strong><\/h2>\n<p>&nbsp;<\/p>\n<p style=\"text-align: center;\"><strong>06.08. \u2013 FRIDAY<\/strong><\/p>\n<p>21:00 <strong>Opening Ceremony<\/strong><\/p>\n<p>Introduction of Lj\u0161f\u0160 2021.<\/p>\n<p><strong><em><a href=\"https:\/\/www.youtube.com\/watch?v=9r5SlVQvr60\">\u201eMagda Mozarka\u201c<\/a><\/em><\/strong>, short film, Bojana Momirovi\u0107, 2016., CRO<\/p>\n<p>Special appearance by director <strong>Bojana Momirovi\u0107<\/strong><\/p>\n<p><strong><em><a href=\"https:\/\/www.youtube.com\/watch?v=--UzbTtXxJc\">\u201eFishing and Fisherman&#8217;s Conversations\u201d<\/a><\/em><\/strong>, feature film, Milan Trenc, 2020., CRO,<\/p>\n<p>Special appearance by director <strong>Milan Trenc<\/strong><\/p>\n<p>&nbsp;<\/p>\n<p style=\"text-align: center;\"><strong>07.08. \u2013 SATURDAY<\/strong><\/p>\n<p>21:00 <em><a href=\"https:\/\/www.youtube.com\/watch?v=-Q1UuenJ9lI\">\u201eKidnapping\u201c- <\/a><\/em>&nbsp;feature film workshop of LJ\u0160F\u0160 2020.<\/p>\n<p>21:15 <strong><em><a href=\"https:\/\/www.youtube.com\/watch?v=hCXUfzEhfkA\">\u201cFather\u201d<\/a><\/em><\/strong> , feature film, Sr\u0111an Golubovi\u0107, 2020., RS\/FR\/DE\/CRO\/SI\/BA<\/p>\n<p>&nbsp;<\/p>\n<p style=\"text-align: center;\"><strong>08.08. \u2013 SUNDAY&nbsp;<\/strong><\/p>\n<p>21:00 <em><a href=\"https:\/\/www.youtube.com\/watch?v=7A4ZmQyDuIU&amp;t=445s\">\u201eHumbara\u201c<\/a><\/em> &#8211; feature film workshop of LJ\u0160F\u0160 2020.<\/p>\n<p>21:15 <strong><em><u><a href=\"https:\/\/www.croatia-film.hr\/carobnjakov-sesir.html\">\u201eThe Wizard&#8217;s Hat\u201c<\/a><\/u><\/em><\/strong>, animated film, Milan Bla\u017eekovi\u0107, 1989., YU\/CRO<\/p>\n<p>&nbsp;<\/p>\n<p style=\"text-align: center;\"><strong>09.08. \u2013 MONDAY<\/strong><\/p>\n<p>21:00 <strong><em><a href=\"https:\/\/www.youtube.com\/watch?v=81zMlHkUSaU\">\u201eMara &amp; Kata\u201c<\/a><\/em><\/strong> -theatre, author: Sa\u0161a Bo\u017ei\u0107,<\/p>\n<p>actresses: <strong>Nata\u0161a Dangubi\u0107 and Doris \u0160ari\u0107 Kukuljica.<\/strong><\/p>\n<p>In cooperation with Dubrovnik Summer festival and Dubrovnik Tourist Board<\/p>\n<p>&nbsp;<\/p>\n<p style=\"text-align: center;\"><strong>10.08. \u2013 TUESDAY<\/strong><\/p>\n<p>21:00 <strong><em><a href=\"https:\/\/www.youtube.com\/watch?v=eS34OiSaEX0\">\u201eQuo vadis Aida?\u201c<\/a><\/em><\/strong>, feature film, Jasmila \u017dbani\u0107, 2020., &nbsp;BIH\/CRO\/AU\/RO\/NE\/DE\/POL\/FR\/NO\/TU<\/p>\n<p>&nbsp;<\/p>\n<p style=\"text-align: center;\"><strong>11.08. \u2013 WEDNESDAY<\/strong><\/p>\n<p>21:00 Introdocs by <a href=\"http:\/\/duper.org\/\">Nikola Duper<\/a>: <strong>Pasko Baburica \/ Miho Pracat \/ Federiko Glavi\u0107<\/strong><\/p>\n<p>21:15 <strong><em><a href=\"http:\/\/hrfilm.hr\/baza_film.php?id=251\">\u201eGoli \u010dovik\u201c<\/a><\/em><\/strong>, feature film, Obrad Glu\u0161\u010devi\u0107, 1968., YU<\/p>\n<p>&nbsp;<\/p>\n<p style=\"text-align: center;\"><strong>12.08. \u2013 THURSDAY<\/strong><\/p>\n<p>21:00 <a href=\"https:\/\/dura.hr\/2020\/02\/15\/wonder\/\" target=\"_blank\" rel=\"noopener\">WONDER <\/a>&#8211; Child friendly destinations &#8211; project presentation &#8211; DURA<\/p>\n<p>21:015 <strong><em><a href=\"https:\/\/www.youtube.com\/watch?v=XTToSK3TLTE\">\u201eMio fratello rincorre i dinosauri\u201c (My Brother chases Dinosaurs)<\/a><\/em><\/strong>, feature film, Stefano Cipani, 2019., IT\/ESP<\/p>\n<p>&nbsp;<\/p>\n<p style=\"text-align: center;\"><strong>14.08. \u2013 SATURDAY<\/strong><\/p>\n<p>21:00 <strong>Closing Ceremony<\/strong><\/p>\n<p>Presentation of the Works from Lj\u0161f\u0160 2021.<\/p>\n<p>Award Ceremony<\/p>\n<p>&nbsp;<\/p>\n<h2 style=\"text-align: center;\"><span class=\"tojvnm2t a6sixzi8 abs2jz4q a8s20v7p t1p8iaqh k5wvi7nf q3lfd5jv pk4s997a bipmatt0 cebpdrjk qowsmv63 owwhemhu dp1hu0rb dhp61c6y iyyx5f41\"><strong><span style=\"color: #ff0000;\">Due to epidemic control recommendations and measures, the program can be changed !!!<\/span><br \/>\n<\/strong><\/span><\/h2>\n<p style=\"text-align: center;\"><strong>&nbsp;<\/strong><\/p>\n<p>&nbsp;<\/p>\n<p>&nbsp;<\/p>\n","protected":false},"excerpt":{"rendered":"<p>&#8212; for English please scroll down &#8212; 06.08. \u2013 PETAK 21:00 Sve\u010dano otvaranje Predstavljanje radionica Lj\u0161f\u0160 2021. \u201eMagda Mozarka\u201c, kratki igrani film, Bojana Momirovi\u0107, 2016., HR U prisustvu redateljice Bojane Momirovi\u0107 \u201cRibanje i ribarsko prigovaranje\u201c, igrani film, Milan Trenc, 2020., HR, U prisustvu redatelja Milana Trenca &nbsp; 07.08. \u2013 SUBOTA 21:00 \u201eOtmica\u201c&#8211; radionica igranog filma&#8230;<\/p>\n","protected":false},"author":3,"featured_media":0,"parent":0,"menu_order":0,"comment_status":"closed","ping_status":"closed","template":"","meta":{"ngg_post_thumbnail":0},"_links":{"self":[{"href":"http:\/\/sipan-film.com\/index.php?rest_route=\/wp\/v2\/pages\/1166"}],"collection":[{"href":"http:\/\/sipan-film.com\/index.php?rest_route=\/wp\/v2\/pages"}],"about":[{"href":"http:\/\/sipan-film.com\/index.php?rest_route=\/wp\/v2\/types\/page"}],"author":[{"embeddable":true,"href":"http:\/\/sipan-film.com\/index.php?rest_route=\/wp\/v2\/users\/3"}],"replies":[{"embeddable":true,"href":"http:\/\/sipan-film.com\/index.php?rest_route=%2Fwp%2Fv2%2Fcomments&post=1166"}],"version-history":[{"count":20,"href":"http:\/\/sipan-film.com\/index.php?rest_route=\/wp\/v2\/pages\/1166\/revisions"}],"predecessor-version":[{"id":1282,"href":"http:\/\/sipan-film.com\/index.php?rest_route=\/wp\/v2\/pages\/1166\/revisions\/1282"}],"wp:attachment":[{"href":"http:\/\/sipan-film.com\/index.php?rest_route=%2Fwp%2Fv2%2Fmedia&parent=1166"}],"curies":[{"name":"wp","href":"https:\/\/api.w.org\/{rel}","templated":true}]}}