{"id":1164,"date":"2021-06-24T06:50:00","date_gmt":"2021-06-24T05:50:00","guid":{"rendered":"http:\/\/sipan-film.com\/?page_id=1164"},"modified":"2021-08-03T14:31:21","modified_gmt":"2021-08-03T13:31:21","slug":"radionice-2021","status":"publish","type":"page","link":"http:\/\/sipan-film.com\/?page_id=1164","title":{"rendered":"RADIONICE 2021"},"content":{"rendered":"<p style=\"text-align: center;\">Ovog ljeta na\u0161i polaznici biti \u0107e raspodjeljeni u 4 radionice.<\/p>\n<p style=\"text-align: center;\">&nbsp;<\/p>\n<p style=\"padding-left: 30px; text-align: center;\"><span style=\"color: #ff9900;\"><strong>Radionica igranog filma \u2013 mla\u0111i polaznici<\/strong><\/span><\/p>\n<p style=\"padding-left: 30px; text-align: left;\">&nbsp;<img decoding=\"async\" loading=\"lazy\" class=\"alignleft wp-image-1208\" src=\"http:\/\/sipan-film.com\/wp-content\/uploads\/2021\/06\/aaaaaaaa-300x219.jpg\" alt=\"\" width=\"271\" height=\"201\">Radionica je namijenjena mla\u0111oj grupi polaznika, a ovogodi\u0161nji voditelji su <strong>Bojana Momirovi\u0107<\/strong> &#8211; redateljica porijeklom iz BiH koja \u017eivi i radi u Parizu. U bogatoj karijeri u filmskoj industriji istaknuti \u0107emo rad na filmskoj akademiji Louis-Lumi\u00e8re, a me\u0111u njezinim kratkim i festivalski&nbsp; uspje\u0161nim filmovima za nas je posebno zanimljiv <em>\u201eMagda Mozarka\u201c<\/em> sniman 2015. g. upravo na na\u0161em \u0160ipanu. Asistent &#8211; suvoditelj ove radionice je na\u0161 stari suradnik <strong>Nikola Kapid\u017ei\u0107,<\/strong> dubrova\u010dki me\u0161tar od kamere, monta\u017ee i svega \u0161to je vezano za AV produkciju.<\/p>\n<hr>\n<p>&nbsp;<\/p>\n<p style=\"padding-left: 30px; text-align: center;\"><span style=\"color: #ff9900;\"><strong>Radionica igranog filma \u2013 stariji polaznici<\/strong><\/span><\/p>\n<p style=\"padding-left: 30px;\"><img decoding=\"async\" loading=\"lazy\" class=\"alignright size-medium wp-image-1228\" src=\"http:\/\/sipan-film.com\/wp-content\/uploads\/2021\/06\/11111111111o-300x158.jpg\" alt=\"\" width=\"300\" height=\"158\" srcset=\"http:\/\/sipan-film.com\/wp-content\/uploads\/2021\/06\/11111111111o-300x158.jpg 300w, http:\/\/sipan-film.com\/wp-content\/uploads\/2021\/06\/11111111111o.jpg 400w\" sizes=\"(max-width: 300px) 100vw, 300px\" \/>Radionica je namijenjena malo starijoj grupi polaznika. Vodi je <strong>Jeronim Jerko Ban<\/strong>, na \u0160ipanu poznat i kao mjesni \u017eupnik, ali kad je u pitanju LJ\u0160F\u0160 va\u017enije je istaknuti njegovu diplomu sa <em>Film and TV Productions &#8211; Loyola Marymount University.<\/em><br \/>\nAsistent \u2013 suvoditelj na ovoj radionici je <strong>Luka Smuk<\/strong> \u2013 fotograf i snimatelj iz Bedekov\u010danske udruge mladih.<\/p>\n<hr>\n<p>&nbsp;<\/p>\n<p style=\"padding-left: 30px; text-align: center;\"><span style=\"color: #ff9900;\"><strong>Radionica Street art filma<\/strong><\/span><\/p>\n<p style=\"padding-left: 30px;\">Ova radionica namijenjena je mladim kreativcima koji \u0107e osmisliti i realizirati <em>mural<\/em> na ulazu u \u0160ipansku luku te sve popratiti kratkim dokumentarnim filmom. Radionicu je osmislila i vodi&nbsp; poznata dubrova\u010dka akademska umjetnica i tako\u0111er na\u0161a vi\u0161egodi\u0161nja suradnica <strong>Iris Loba\u0161 Kukavi\u010di\u0107<\/strong>, a asistent za izradu dokumentarnog film biti \u0107e jedan od organizatora LJ\u0160F\u0160 \u2013 <strong>Nils Neubert.<\/strong><\/p>\n<p><img decoding=\"async\" loading=\"lazy\" class=\"aligncenter wp-image-1218\" src=\"http:\/\/sipan-film.com\/wp-content\/uploads\/2021\/06\/mural-300x169.jpg\" alt=\"\" width=\"403\" height=\"233\"><\/p>\n<hr>\n<p>&nbsp;<\/p>\n<p style=\"padding-left: 30px; text-align: center;\"><span style=\"color: #ff9900;\"><strong>Radionica animiranog filma&nbsp;&nbsp;<\/strong><\/span><\/p>\n<p><img decoding=\"async\" loading=\"lazy\" class=\"aligncenter wp-image-1222\" src=\"http:\/\/sipan-film.com\/wp-content\/uploads\/2021\/06\/animacijaaaaa-300x200.jpg\" alt=\"\" width=\"369\" height=\"251\"><\/p>\n<p style=\"padding-left: 30px;\">Na\u0161i najmla\u0111i polaznici ove godine kretaivno \u0107e se izra\u017eavati u radionici animiranog filma koju vodi <strong>Ksenija Sankovi\u0107<\/strong> iz Kino kluba Karlovac. Ksenija nam dolazi s bogatim iskustvom vo\u0111enja ovakvih radionica i organizacije filmskih doga\u0111anja i manifestacija.<\/p>\n<p>_____________________________________________________________________________<\/p>\n<p style=\"text-align: center;\"><strong>Video najave voditelja radionica pogledajte <a href=\"https:\/\/www.youtube.com\/playlist?list=PLU0daw6s86kkEGh-uenAmruvDQXvuFLka\" target=\"_blank\" rel=\"noopener\">ovdje<\/a><\/strong><\/p>\n<p style=\"text-align: center;\"><strong>Popis polaznika po radionicama pogledajte <a href=\"http:\/\/sipan-film.com\/wp-content\/uploads\/2021\/08\/polaznici_radionica_21_final-1.png\" target=\"_blank\" rel=\"noopener\">ovdje<\/a><\/strong><\/p>\n","protected":false},"excerpt":{"rendered":"<p>Ovog ljeta na\u0161i polaznici biti \u0107e raspodjeljeni u 4 radionice. &nbsp; Radionica igranog filma \u2013 mla\u0111i polaznici &nbsp;Radionica je namijenjena mla\u0111oj grupi polaznika, a ovogodi\u0161nji voditelji su Bojana Momirovi\u0107 &#8211; redateljica porijeklom iz BiH koja \u017eivi i radi u Parizu. U bogatoj karijeri u filmskoj industriji istaknuti \u0107emo rad na filmskoj akademiji Louis-Lumi\u00e8re, a me\u0111u&#8230;<\/p>\n","protected":false},"author":3,"featured_media":0,"parent":0,"menu_order":0,"comment_status":"closed","ping_status":"closed","template":"sidebar-page.php","meta":{"ngg_post_thumbnail":0},"_links":{"self":[{"href":"http:\/\/sipan-film.com\/index.php?rest_route=\/wp\/v2\/pages\/1164"}],"collection":[{"href":"http:\/\/sipan-film.com\/index.php?rest_route=\/wp\/v2\/pages"}],"about":[{"href":"http:\/\/sipan-film.com\/index.php?rest_route=\/wp\/v2\/types\/page"}],"author":[{"embeddable":true,"href":"http:\/\/sipan-film.com\/index.php?rest_route=\/wp\/v2\/users\/3"}],"replies":[{"embeddable":true,"href":"http:\/\/sipan-film.com\/index.php?rest_route=%2Fwp%2Fv2%2Fcomments&post=1164"}],"version-history":[{"count":28,"href":"http:\/\/sipan-film.com\/index.php?rest_route=\/wp\/v2\/pages\/1164\/revisions"}],"predecessor-version":[{"id":1290,"href":"http:\/\/sipan-film.com\/index.php?rest_route=\/wp\/v2\/pages\/1164\/revisions\/1290"}],"wp:attachment":[{"href":"http:\/\/sipan-film.com\/index.php?rest_route=%2Fwp%2Fv2%2Fmedia&parent=1164"}],"curies":[{"name":"wp","href":"https:\/\/api.w.org\/{rel}","templated":true}]}}